{"id":8632,"date":"2015-12-06T17:35:03","date_gmt":"2015-12-06T16:35:03","guid":{"rendered":"https:\/\/coliving.media3w.com\/equipo\/"},"modified":"2024-06-10T13:23:28","modified_gmt":"2024-06-10T11:23:28","slug":"team","status":"publish","type":"page","link":"https:\/\/coliving.media3w.com\/en\/team\/","title":{"rendered":"Team"},"content":{"rendered":"<div class=\"wpb-content-wrapper\"><p>[vc_row][vc_column][vc_column_text]<\/p>\n<h4>PARTNERS AND ASSOCIATES<\/h4>\n<p>[\/vc_column_text][vc_separator][vc_column_text]<div id=\"awsm-team-8353\" class=\"awsm-grid-wrapper\">\n\t\t\n\t<div class=\"awsm-modal\">\n\t\t\t<div class=\"awsm-grid-modal awsm-grid modal-style style-1 grid-5-col \">\n\t\t\t\t\t\t<div id=\"awsm-member-8353-8707\" class=\"awsm-grid-card awsm-team-item awsm-scale-anm awsm-all\">\n\t\t\t\t\t<span id=\"tigger-style-8353-8707\" class=\"awsm-team-link-control awsm-modal-trigger awsm-modal-trigger-8707\" data-trigger=\"#modal-style-8353-8707\">\n\t\t\t\t\t\t<figure>\n\t\t\t\t\t\t\t<img loading=\"lazy\" decoding=\"async\" width=\"234\" height=\"234\" src=\"https:\/\/coliving.media3w.com\/wp-content\/uploads\/xstore\/xstore-placeholder-1x1.png\" class=\"attachment-awsm_team size-awsm_team lazyload lazyload-simple et-lazyload-fadeIn wp-post-image\" alt=\"\" data-src=\"https:\/\/coliving.media3w.com\/wp-content\/uploads\/2024\/04\/CHEMA-SENDARRUBIAS-234x234-1-e1714121698253.jpg\" \/>\t\t\t\t\t\t\t<figcaption>\n\t\t\t\t\t\t\t\t<div class=\"awsm-personal-info\"><span>CEO \/ GENERAL MANAGER<\/span><h3>D. JOS\u00c9 MAR\u00cdA SENDARRUBIAS REDONDO<\/h3><\/div>\t\t\t\t\t\t\t<\/figcaption>\n\t\t\t\t\t\t<\/figure>\n\t\t\t\t\t<\/span>\n\t\t\t\t<\/div>\n\t\t\t\t\t\t\t<div id=\"awsm-member-8353-8708\" class=\"awsm-grid-card awsm-team-item awsm-scale-anm awsm-all\">\n\t\t\t\t\t<span id=\"tigger-style-8353-8708\" class=\"awsm-team-link-control awsm-modal-trigger awsm-modal-trigger-8708\" data-trigger=\"#modal-style-8353-8708\">\n\t\t\t\t\t\t<figure>\n\t\t\t\t\t\t\t<img loading=\"lazy\" decoding=\"async\" width=\"134\" height=\"136\" src=\"https:\/\/coliving.media3w.com\/wp-content\/uploads\/xstore\/xstore-placeholder.png\" class=\"attachment-awsm_team size-awsm_team lazyload lazyload-simple et-lazyload-fadeIn wp-post-image\" alt=\"\" data-src=\"https:\/\/coliving.media3w.com\/wp-content\/uploads\/2016\/01\/ANGEL-HERNANDEZ-PERFIL-1-Imagen1-e1455964208256.jpg\" \/>\t\t\t\t\t\t\t<figcaption>\n\t\t\t\t\t\t\t\t<div class=\"awsm-personal-info\"><span>Partner<\/span><h3>D. \u00c1NGEL HERN\u00c1NDEZ ESPADA<\/h3><\/div>\t\t\t\t\t\t\t<\/figcaption>\n\t\t\t\t\t\t<\/figure>\n\t\t\t\t\t<\/span>\n\t\t\t\t<\/div>\n\t\t\t\t\t\t\t<div id=\"awsm-member-8353-8711\" class=\"awsm-grid-card awsm-team-item awsm-scale-anm awsm-all\">\n\t\t\t\t\t<span id=\"tigger-style-8353-8711\" class=\"awsm-team-link-control awsm-modal-trigger awsm-modal-trigger-8711\" data-trigger=\"#modal-style-8353-8711\">\n\t\t\t\t\t\t<figure>\n\t\t\t\t\t\t\t<img loading=\"lazy\" decoding=\"async\" width=\"216\" height=\"216\" src=\"https:\/\/coliving.media3w.com\/wp-content\/uploads\/xstore\/xstore-placeholder-1x1.png\" class=\"attachment-awsm_team size-awsm_team lazyload lazyload-simple et-lazyload-fadeIn wp-post-image\" alt=\"\" data-src=\"https:\/\/coliving.media3w.com\/wp-content\/uploads\/2016\/01\/PAZ-HERNANDEZ-PERFIL-e1453459213266.jpg\" \/>\t\t\t\t\t\t\t<figcaption>\n\t\t\t\t\t\t\t\t<div class=\"awsm-personal-info\"><span>Associate<\/span><h3>D\u00aa M\u00aa PAZ HERN\u00c1NDEZ DE BRIONES<\/h3><\/div>\t\t\t\t\t\t\t<\/figcaption>\n\t\t\t\t\t\t<\/figure>\n\t\t\t\t\t<\/span>\n\t\t\t\t<\/div>\n\t\t\t\t\t<\/div>\n\t\t<div class=\"awsm-modal-items modal-style style-1 grid-5-col \">\n\t\t\t<span class=\"awsm-team-link-control awsm-modal-close\"><\/span>\n\t\t\t<div class=\"awsm-modal-items-main\">\n\t\t\t\t<span class=\"awsm-team-link-control awsm-nav-item awsm-nav-left\"><\/span>\n\t\t\t\t\t<div id=\"modal-style-8353-8707\" class=\"awsm-modal-item awsm-scale-anm awsm-modal-hidden awsm-all \" data-info=\"8707\">\n\t<div id=\"awsm-member-info-8353-8707\" class=\"awsm-modal-content\">\n\t\t<div class=\"awsm-modal-content-main\">\n\t\t\t<div class=\"awsm-image-main\">\n\t\t\t\t<img loading=\"lazy\" decoding=\"async\" width=\"234\" height=\"234\" src=\"https:\/\/coliving.media3w.com\/wp-content\/uploads\/xstore\/xstore-placeholder-1x1.png\" class=\"attachment-awsm_team size-awsm_team lazyload lazyload-simple et-lazyload-fadeIn wp-post-image\" alt=\"\" data-src=\"https:\/\/coliving.media3w.com\/wp-content\/uploads\/2024\/04\/CHEMA-SENDARRUBIAS-234x234-1-e1714121698253.jpg\" \/>\t\t\t<\/div>\n\t\t\t<div class=\"awsm-modal-details\">\n\t\t\t\t<div class=\"awsm-modal-content-inner\">\n\t\t\t\t\t<h3>CEO \/ GENERAL MANAGER<\/h3><h2>D. JOS\u00c9 MAR\u00cdA SENDARRUBIAS REDONDO<\/h2><p>Jos\u00e9 M Sendarrubias Redondo was born in Madrid (Spain), in March 1961, and is an Architect by the Escuela Superior de Arquitectura de Madrid ETSAM, since December 1988, being a member of the Colegio Oficial de Arquitectos de Madrid COAM since January 1989, having recently received the silver medal for his 25 years of membership.<\/p>\n<p>At the beginning of his professional career he opened his own Architectural Studio in 1989, working in professional collaboration with several Spanish Architects, and being professionally associated with Mr. Manuel Alberto Arias Horas since 1990.<\/p>\n<p>From 1990 onwards he developed a large part of his career and professional activity in the business world in the construction and engineering sector, intervening in important building and infrastructure works in prestigious and large Spanish construction groups such as Grupo Ortiz Construcciones y Proyectos (1991-2000, as Project Manager, Technical Director and finally General Manager of its subsidiary Compa\u00f1\u00eda Internacional de Construcci\u00f3n y Dise\u00f1o, CONDISA) and Grupo Isolux Cors\u00e1n (seventh Spanish construction group, 2000-2010, as Director of its subsidiary Ingenier\u00eda Ibalux), Technical Director and finally General Manager of the subsidiary Compa\u00f1\u00eda Internacional de Construcci\u00f3n y Dise\u00f1o, CONDISA) and the Isolux Cors\u00e1n Group (seventh Spanish construction group, 2000-2010, as Director of its subsidiary Ingenier\u00eda Ibalux, and later as Director of Construction and General Manager of Real Estate and Assets of the group and member of the Management Committee since 2006). During this period, most of his responsibilities were developed in international markets.<\/p>\n<p>He has been responsible for the execution of major construction projects and real estate developments such as: Conservation and Restoration of the Public Monuments of the Madrid City Council, Restoration of the Royal Palace in Madrid, Restoration of the Convent of Las Huelgas Reales in Burgos, Restoration of the Toledo Bridge in Madrid (Madrid City Council Award for the best restoration work), Construction of the CAR High Performance Center in Madrid (Madrid City Council Award for the best building work), Talavera de la Reina Fairgrounds, Cordial Mogan Valley Hotel Complex in Tenerife and Xeresa Golf in Benidorm, Nouadhibou Hospitals in Mauritania, Fann Hospital in Dakar, Senegal, Neuqu\u00e9n in Argentina and Bata in Equatorial Guinea, Denia Tourism Agency, Azul de Cort\u00e9s Real Estate Development in Baja California, Mexico.<\/p>\n<p>Throughout this period he never abandoned the professional practice in the development of architectural projects, having carried out and directed important projects of the relevance of: Integral Remodeling of the Toledo Bridge in Madrid (Madrid City Council award for the best rehabilitation work), Integral Remodeling of the Cl\u00ednica de la Esperanza building in Vitoria-Gasteiz, Integral Restoration of the facades of the Hospital de la Princesa, in Madrid, Club Social del Campo de Golf los Retamares in Alalpardo, Madrid, Sports Complex in Alaior in Mallorca, Salto del Agua Sports Complex in Benidorm, Sports and commercial complex in Valdilecha, Madrid, Residential Complex in Mirasierra, Madrid, etc<\/p>\n<p>For 20 years he has collaborated regularly with Mr. Angel Hernandez Espada, and since 2010 they have shared a project office, having carried out projects of the importance of: Remodeling of the Jarama Circuit, in Madrid, the Eurasia Project in Getafe, the integral rehabilitations of the Hotels in Puerta del Sol, 1 and Gran V\u00eda, 31 in Madrid, all of them in Spain; the Integral Rehabilitation project of the Valpara\u00edso funicular, in Chile; or the ESHRA Higher School of Hotel and Restaurant Management, the Ain Naadja Garrison Circle and the Royaume Hotel in Algiers, the La Citadelle Hotel complex in Biskra, or the Blida Regional Circle, all in Algeria. Several of these projects have won awards, in many cases as a result of international architectural competitions.<\/p>\n<p>Jos\u00e9 Mar\u00eda Sendarrubias is an Architect by the Escuela T\u00e9cnica Superior de Arquitectura de Madrid ETSAM (1988), Master in Projects by the Centro Superior de Arquitectura CSA of Madrid (1990), and specialist in Restoration and Rehabilitation by the ETSA of Madrid (1989), as well as specialist in Sports Facilities by the COAM (1991). He has acted as a speaker as a specialist in monumental restoration in various conferences, symposiums and seminars of important and prestigious institutions such as the General Foundation of the Complutense University-Summer Courses of the Escorial, the COAM, or International Congresses of Restoration, having intervened as editor of several publications and specialized articles (&#8220;Limpieza, Restauraci\u00f3n y Consolidaci\u00f3n del Puente de Toledo&#8221; 1996, ISBN 84-86895-79-0, &#8220;El Caballo de Bronce&#8221; 1997, as well as the collective publications of the XI and XII Congresos de Conservaci\u00f3n y Restauraci\u00f3n de Bienes Culturales, 1996 and 1998).<\/p>\n\t\t\t\t<\/div>\n\t\t\t<\/div>\n\t\t<\/div>\n\t<\/div>\n<\/div>\n<div id=\"modal-style-8353-8708\" class=\"awsm-modal-item awsm-scale-anm awsm-modal-hidden awsm-all \" data-info=\"8708\">\n\t<div id=\"awsm-member-info-8353-8708\" class=\"awsm-modal-content\">\n\t\t<div class=\"awsm-modal-content-main\">\n\t\t\t<div class=\"awsm-image-main\">\n\t\t\t\t<img loading=\"lazy\" decoding=\"async\" width=\"134\" height=\"136\" src=\"https:\/\/coliving.media3w.com\/wp-content\/uploads\/xstore\/xstore-placeholder.png\" class=\"attachment-awsm_team size-awsm_team lazyload lazyload-simple et-lazyload-fadeIn wp-post-image\" alt=\"\" data-src=\"https:\/\/coliving.media3w.com\/wp-content\/uploads\/2016\/01\/ANGEL-HERNANDEZ-PERFIL-1-Imagen1-e1455964208256.jpg\" \/>\t\t\t<\/div>\n\t\t\t<div class=\"awsm-modal-details\">\n\t\t\t\t<div class=\"awsm-modal-content-inner\">\n\t\t\t\t\t<h3>Partner<\/h3><h2>D. \u00c1NGEL HERN\u00c1NDEZ ESPADA<\/h2><p>\u00c1ngel Hern\u00e1ndez Espada was born in M\u00e9rida (Spain), in May 1961, and is an Architect by the Escuela Superior de Arquitectura de Madrid ETSAM, since July 1990, being a member of the Colegio Oficial de Arquitectos de Madrid COAM, since October 1990.<\/p>\n<p>After working as an architect in some prestigious architectural firms in Madrid, he opened his own professional studio in Madrid in 1990 and since then, without any interruption, he has worked as an architect directing a large professional team of architects and engineers. During this long time of profession he has designed and carried out more than 200 projects of buildings of all types, both residential and social housing, hotels and apart-hotels, shopping centers, academic centers, schools, colleges, universities, office buildings, health care centers, nursing homes, industrial buildings and warehouses, etc.. Many of these building projects have been projects for new buildings and many others have been rehabilitation of historic buildings and monuments, an area in which he has extensive experience. He has also developed several urban planning and urban planning projects.<\/p>\n<p>All these projects were developed and carried out in many cities and regions of Spain and also abroad.<\/p>\n<p>Throughout his professional career, and as a regular support to clients, he has also carried out professional activities related to the urban and real estate management of the projects developed, before public and private organizations, as well as carrying out regular activities as Project Manager of numerous projects, intervening in the selection and contracting processes of construction companies and subcontractors, time and cost control, quality control of the execution, etc.<\/p>\n<p>In addition to his work as an architect in his own architecture and urban planning studio, he is Technical Manager and CEO of several construction and development companies, such as Prodivesa, Herespa, and the companies of the Jes\u00fas Hern\u00e1ndez Group, as well as being the CEO of his own real estate development and management companies.<\/p>\n<p>He also has extensive international experience as an architect, in the development of important professional projects abroad, participating in projects in Spain, Portugal, Romania, Bulgaria, Algeria, Dubai, Zambia, Mozambique, Argentina, Peru, Chile, Mexico, Cuba,&#8230;<\/p>\n<p>During his professional activity he has had the opportunity to work in collaboration with important national and foreign architects and for several years he has been working steadily on large projects with Jos\u00e9 M\u00aa Sendarrubias.<\/p>\n<p>For 20 years he has collaborated regularly with Mr. Jos\u00e9 M\u00aa Sendarrubias, and since 2010 they share a project office, having carried out projects of the importance of: Remodeling of the Jarama Circuit, in Madrid, the Eurasia Project in Getafe, the integral rehabilitations of the Hotels in Puerta del Sol, 1 and Gran V\u00eda, 31 in Madrid, all of them in Spain; the Integral Rehabilitation project of the Valpara\u00edso funicular, in Chile; or the ESHRA Higher School of Hotel and Restaurant Management, the Ain Naadja Garrison Circle and the Royaume Hotel in Algiers, the La Citadelle Hotel complex in Biskra, or the Blida Regional Circle, all in Algeria. Several of these projects have won awards, in many cases as a result of international architectural competitions.<\/p>\n<p>Mr. \u00c1ngel Hern\u00e1ndez Espada is an Architect by the Escuela T\u00e9cnica Superior de Arquitectura de Madrid ETSAM (1990), he has completed the complete doctorate courses in Architectural Projects at the Escuela T\u00e9cnica Superior de Arquitectura de Madrid ETSAM (1995). He has participated in group exhibitions in Seville, Rome and Milan, on the work for the projects of the International Exhibition of Seville (1987). He also attended the International Course on Architecture and Urban Design in Seville (with a scholarship and selected by the Escuela T\u00e9cnica Superior de Arquitectura de Madrid, Banco de Bilbao and Junta de Andaluc\u00eda) (1986). In addition to having taken numerous courses of specialization in monumental rehabilitation, among others the Course on Archaeology and Roman Architecture of the University Men\u00e9ndez Pelayo (Special Seminar in Merida (1984), possessing a wide specialization in this type of monumental restoration work.<\/p>\n\t\t\t\t<\/div>\n\t\t\t<\/div>\n\t\t<\/div>\n\t<\/div>\n<\/div>\n<div id=\"modal-style-8353-8711\" class=\"awsm-modal-item awsm-scale-anm awsm-modal-hidden awsm-all \" data-info=\"8711\">\n\t<div id=\"awsm-member-info-8353-8711\" class=\"awsm-modal-content\">\n\t\t<div class=\"awsm-modal-content-main\">\n\t\t\t<div class=\"awsm-image-main\">\n\t\t\t\t<img loading=\"lazy\" decoding=\"async\" width=\"216\" height=\"216\" src=\"https:\/\/coliving.media3w.com\/wp-content\/uploads\/xstore\/xstore-placeholder-1x1.png\" class=\"attachment-awsm_team size-awsm_team lazyload lazyload-simple et-lazyload-fadeIn wp-post-image\" alt=\"\" data-src=\"https:\/\/coliving.media3w.com\/wp-content\/uploads\/2016\/01\/PAZ-HERNANDEZ-PERFIL-e1453459213266.jpg\" \/>\t\t\t<\/div>\n\t\t\t<div class=\"awsm-modal-details\">\n\t\t\t\t<div class=\"awsm-modal-content-inner\">\n\t\t\t\t\t<h3>Associate<\/h3><h2>D\u00aa M\u00aa PAZ HERN\u00c1NDEZ DE BRIONES<\/h2><p>Architect by the Escuela Superior de Arquitectura de Madrid ETSAM, since March 1997. Habitual collaborator of Architect Jos\u00e9 M\u00aa Sendarrubias, she has been associated with Estudio SHARE since its foundation.<\/p>\n<p>She has extensive experience in building projects, mainly in the residential and sports fields. She is also a specialist in landscaping and gardening.<\/p>\n\t\t\t\t<\/div>\n\t\t\t<\/div>\n\t\t<\/div>\n\t<\/div>\n<\/div>\n\t\t\t\t<span class=\"awsm-team-link-control awsm-nav-item awsm-nav-right\"><\/span>\n\t\t\t   <\/div>\n\t\t<\/div>\n\t\t<\/div>\n\t<input type=\"hidden\" name=\"shortcode\" id=\"atb-shortcode\" value=8353 >\n<\/div>\n[\/vc_column_text][\/vc_column][\/vc_row][vc_row][vc_column][vc_empty_space height=&#8221;64px&#8221;][\/vc_column][\/vc_row][vc_row][vc_column][vc_column_text css_animation=&#8221;fadeInLeft&#8221;]<\/p>\n<h4>Collaborating Architects<\/h4>\n<p>[\/vc_column_text][vc_separator][vc_row_inner gap=&#8221;10&#8243; _et_uniqid=&#8221;et_custom_uniqid_new_6630cacfa5297&#8243;][vc_column_inner width=&#8221;1\/3&#8243;][vc_column_text css_animation=&#8221;fadeInDown&#8221;]Ignacio Avil\u00e9s Su\u00e1rez<br \/>\nAlba Balmaseda Dom\u00ednguez<br \/>\nLuc\u00eda de Blas Noval<br \/>\nElena Carballo Espa\u00f1a<br \/>\nMiguel Carrizosa Fern\u00e1ndez-Mazarambroz<br \/>\nDaniel Clemente Jim\u00e9nez<br \/>\nJonatan Cid D\u00edez<br \/>\nPablo Correa[\/vc_column_text][\/vc_column_inner][vc_column_inner width=&#8221;1\/3&#8243;][vc_column_text css_animation=&#8221;fadeInDown&#8221;]Laura Dom\u00ednguez Bl\u00e1zquez<br \/>\nAlmudena Fern\u00e1ndez de Gamarra<br \/>\nAntonio Garc\u00eda Mart\u00edn<br \/>\nV\u00edctor Garz\u00f3n Fern\u00e1ndez<br \/>\nJaime Guti\u00e9rrez Serrano<br \/>\nOscar Hern\u00e1ndez Tristancho<br \/>\nAndr\u00e9s Juste Hern\u00e1ndez<br \/>\nLuis Larrauri Rodriguez de Viguri[\/vc_column_text][\/vc_column_inner][vc_column_inner width=&#8221;1\/3&#8243;][vc_column_text css_animation=&#8221;fadeInDown&#8221;]Andr\u00e9s Linares Mihi<br \/>\nAna Isabel L\u00f3pez Prieto<br \/>\nLuc\u00eda Mendoza Garc\u00eda Ochoa<br \/>\nGema Naharro Rodr\u00edguez<br \/>\nJavier Onrubia D\u00edaz<br \/>\nRaquel Osa Fern\u00e1ndez<br \/>\nAna P\u00e9rez Gonz\u00e1lez<br \/>\nJavier Ruiz Casado<br \/>\nJavier Valverde Rovirosa[\/vc_column_text][\/vc_column_inner][\/vc_row_inner][\/vc_column][\/vc_row][vc_row][vc_column][vc_empty_space height=&#8221;64px&#8221;][\/vc_column][\/vc_row][vc_row][vc_column][vc_column_text css_animation=&#8221;fadeInLeft&#8221;]<\/p>\n<h4>Technical Architects<\/h4>\n<p>[\/vc_column_text][vc_separator][vc_row_inner][vc_column_inner][vc_column_text css_animation=&#8221;fadeInDown&#8221;]Miguel Carbajo de la Fuente<br \/>\n\u00c1lvaro Bermejo Gascue\u00f1a<br \/>\nMar\u00eda Jos\u00e9 Cabrera Gonz\u00e1lez[\/vc_column_text][\/vc_column_inner][\/vc_row_inner][\/vc_column][\/vc_row][vc_row][vc_column][vc_empty_space height=&#8221;64px&#8221;][\/vc_column][\/vc_row][vc_row][vc_column][vc_column_text css_animation=&#8221;fadeInLeft&#8221;]<\/p>\n<h4>Secretariat, Administration and Management<\/h4>\n<p>[\/vc_column_text][vc_separator][vc_row_inner][vc_column_inner][vc_column_text css_animation=&#8221;fadeInDown&#8221;]Marta P\u00e9rez Sendarrubias[\/vc_column_text][\/vc_column_inner][\/vc_row_inner][\/vc_column][\/vc_row][vc_row][vc_column][vc_empty_space height=&#8221;64px&#8221;][\/vc_column][\/vc_row][vc_row gap=&#8221;20&#8243; _et_uniqid=&#8221;et_custom_uniqid_new_6630cac57608e&#8221;][vc_column width=&#8221;1\/2&#8243;][vc_column_text css_animation=&#8221;fadeInLeft&#8221;]<\/p>\n<h2>External Collaborating Teams<\/h2>\n<p>[\/vc_column_text][vc_separator][vc_row_inner][vc_column_inner][vc_column_text css_animation=&#8221;slideInDown&#8221;]<span style=\"font-size: 14pt;\">Jes\u00fas Jim\u00e9nez Ca\u00f1as y Asociados (Structural Calculation)<\/span><br \/>\n<a href=\"http:\/\/www.grupoargenia.com\">ARGENIA INGENIER\u00cdA Y ARQUITECTURA (Calculation of Structures and Installations)<\/a><br \/>\n<a href=\"http:\/\/www.metricaminima.com\"><span style=\"font-size: 14pt;\">M\u00c9TRICA M\u00cdNIMA <\/span><\/a><a href=\"http:\/\/www.metricaminima.com\">(Model workshop)<\/a>[\/vc_column_text][\/vc_column_inner][\/vc_row_inner][\/vc_column][vc_column width=&#8221;1\/2&#8243;][vc_column_text css_animation=&#8221;fadeInLeft&#8221;]<\/p>\n<h2>International Collaborating Teams<\/h2>\n<p>[\/vc_column_text][vc_separator][vc_row_inner][vc_column_inner][vc_column_text css_animation=&#8221;fadeInDown&#8221;]<strong>PARTNERS IN GEORGIA<\/strong><br \/>\nSB ENGINEERING, S.L.C.[\/vc_column_text][vc_column_text css_animation=&#8221;fadeInDown&#8221;]<strong>COLLABORATOR IN BOLIVIA<\/strong><br \/>\nGENERGIA SRL[\/vc_column_text][vc_column_text css_animation=&#8221;fadeInDown&#8221;]<strong>COLLABORATOR IN ALGERIA<\/strong><br \/>\nMohamed Bouderka (Building Engineer)[\/vc_column_text][\/vc_column_inner][\/vc_row_inner][\/vc_column][\/vc_row]<\/p>\n<\/div>","protected":false},"excerpt":{"rendered":"<p>[vc_row][vc_column][vc_column_text] PARTNERS AND ASSOCIATES [\/vc_column_text][vc_separator][vc_column_text][\/vc_column_text][\/vc_column][\/vc_row][vc_row][vc_column][vc_empty_space height=&#8221;64px&#8221;][\/vc_column][\/vc_row][vc_row][vc_column][vc_column_text css_animation=&#8221;fadeInLeft&#8221;] Collaborating Architects [\/vc_column_text][vc_separator][vc_row_inner gap=&#8221;10&#8243; _et_uniqid=&#8221;et_custom_uniqid_new_6630cacfa5297&#8243;][vc_column_inner width=&#8221;1\/3&#8243;][vc_column_text css_animation=&#8221;fadeInDown&#8221;]Ignacio Avil\u00e9s Su\u00e1rez Alba Balmaseda Dom\u00ednguez Luc\u00eda de Blas Noval Elena Carballo&#8230;<\/p>\n","protected":false},"author":3,"featured_media":-3,"parent":0,"menu_order":1,"comment_status":"closed","ping_status":"closed","template":"","meta":{"rs_blank_template":"","rs_page_bg_color":"","slide_template_v7":"","footnotes":""},"wf_page_folders":[],"class_list":["post-8632","page","type-page","status-publish","has-post-thumbnail","hentry"],"acf":[],"_links":{"self":[{"href":"https:\/\/coliving.media3w.com\/en\/wp-json\/wp\/v2\/pages\/8632","targetHints":{"allow":["GET"]}}],"collection":[{"href":"https:\/\/coliving.media3w.com\/en\/wp-json\/wp\/v2\/pages"}],"about":[{"href":"https:\/\/coliving.media3w.com\/en\/wp-json\/wp\/v2\/types\/page"}],"author":[{"embeddable":true,"href":"https:\/\/coliving.media3w.com\/en\/wp-json\/wp\/v2\/users\/3"}],"replies":[{"embeddable":true,"href":"https:\/\/coliving.media3w.com\/en\/wp-json\/wp\/v2\/comments?post=8632"}],"version-history":[{"count":3,"href":"https:\/\/coliving.media3w.com\/en\/wp-json\/wp\/v2\/pages\/8632\/revisions"}],"predecessor-version":[{"id":8636,"href":"https:\/\/coliving.media3w.com\/en\/wp-json\/wp\/v2\/pages\/8632\/revisions\/8636"}],"wp:featuredmedia":[{"embeddable":true,"href":"https:\/\/coliving.media3w.com\/en\/wp-json\/"}],"wp:attachment":[{"href":"https:\/\/coliving.media3w.com\/en\/wp-json\/wp\/v2\/media?parent=8632"}],"wp:term":[{"taxonomy":"wf_page_folders","embeddable":true,"href":"https:\/\/coliving.media3w.com\/en\/wp-json\/wp\/v2\/wf_page_folders?post=8632"}],"curies":[{"name":"wp","href":"https:\/\/api.w.org\/{rel}","templated":true}]}}