{"id":8682,"date":"2015-12-06T17:35:22","date_gmt":"2015-12-06T16:35:22","guid":{"rendered":"https:\/\/coliving.media3w.com\/datos-relevantes\/"},"modified":"2024-06-12T10:33:40","modified_gmt":"2024-06-12T08:33:40","slug":"relevant-data","status":"publish","type":"page","link":"https:\/\/coliving.media3w.com\/en\/relevant-data\/","title":{"rendered":"Relevant Data"},"content":{"rendered":"<div class=\"wpb-content-wrapper\"><p>[vc_row][vc_column width=&#8221;1\/2&#8243; css=&#8221;.vc_custom_1449529345051{margin-left: -15px !important;}&#8221;][vc_column_text]<\/p>\n<h4>ARCHITECTURE AWARDS<\/h4>\n<p>[\/vc_column_text][vc_separator][vc_column_text]<strong>2015: XXIX MACAEL AWARDS<\/strong><\/p>\n<p>Africa International Award<\/p>\n<p>Higher School of Hotel and Restaurant Management of Algiers, ESHRA.<\/p>\n<p><strong>2007: XXI MACAEL AWARDS<\/strong><\/p>\n<p>Best work in Spain<\/p>\n<p>Embrujo Ban\u00fas Luxury Residential Complex in Marbella, M\u00e1laga<\/p>\n<p><strong>2005: COSTA DEL SOL INTERNATIONAL GARDENING AWARD<\/strong><\/p>\n<p>Best gardens in Spain<\/p>\n<p>Gardens of the Embrujo Playa Residential Complex in Marbella, M\u00e1laga<\/p>\n<p><strong>1996: ARCHITECTURE AWARDS OF THE CITY COUNCIL OF MADRID<\/strong><\/p>\n<p>Award for the best work of Monumental Rehabilitation<\/p>\n<p>Integral Rehabilitation of the Puente de Toledo Bridge in Madrid<\/p>\n<p>[\/vc_column_text][vc_separator style=&#8221;double&#8221;][vc_column_text]<\/p>\n<h4>ARCHITECTURAL COMPETITIONS AWARDED<\/h4>\n<p>[\/vc_column_text][vc_separator][vc_tta_accordion active_section=&#8221;999&#8243; no_fill=&#8221;true&#8221; collapsible_all=&#8221;true&#8221;][vc_tta_section title=&#8221;Competitions awarded during 2015&#8243; tab_id=&#8221;1714131251773-ccfca800-f6d9&#8243;][vc_column_text]<strong>2015: INTERNATIONAL COMPETITION ALGERIA<\/strong><\/p>\n<p>Project Competition<\/p>\n<p>Thermal Rest Complex category (IV) stars in Hamman Debah for 200 apartments and common sports and catering areas and services, in Algeria.<\/p>\n<p><strong>Client:<\/strong> DPRIS (Ministry of National Defense of Algeria)<\/p>\n<p><strong>2015: INTERNATIONAL COMPETITION ALGERIA<\/strong><\/p>\n<p>Design and Construction Competition<\/p>\n<p>Garrison Circle category (III) stars of Ain Naadja, for 49 rooms and 16 apartments and common services and areas, in Algeria.<\/p>\n<p><strong>Client:<\/strong> DPRIS (Ministry of National Defense of Algeria)<\/p>\n<p><strong>Construction Company:<\/strong> MIMKO (Turkey)<\/p>\n<p>[\/vc_column_text][\/vc_tta_section][vc_tta_section title=&#8221;Competitions awarded during 2014&#8243; tab_id=&#8221;1714131251787-f83af3ab-5b78&#8243;][vc_column_text]<strong>2014: INTERNATIONAL COMPETITION ALGERIA<\/strong><\/p>\n<p>Design and Construction Competition<\/p>\n<p>Blida Regional Circle, category (IV) stars for 99 rooms and services and common areas, in Algeria.<\/p>\n<p><strong>Client:<\/strong> DPRIS (Algerian Ministry of National Defense)<\/p>\n<p><strong>Construction Company:<\/strong> MIMKO (Turkey)<\/p>\n<p><strong>2014: NATIONAL COMPETITION ALGERIA<\/strong><\/p>\n<p>Project Competition<\/p>\n<p>National Higher School of Tourism and Residences for students in Tipaza, Algeria.<\/p>\n<p><strong>Client:<\/strong> Algerian Ministry of Tourism and Craftsmanship.<\/p>\n<p><strong>In consortium with:<\/strong> Mahgoun-Mihoubi Architects (Algeria).<\/p>\n<p><strong>2014: NATIONAL RESTRICTED COMPETITION SPAIN<\/strong><\/p>\n<p>Project Competition<\/p>\n<p>Remodeling and Expansion Project of the Jarama Circuit in Madrid, Spain.<\/p>\n<p><strong>Client:<\/strong> Royal Automobile Club of Spain (RACE)<\/p>\n<p>[\/vc_column_text][\/vc_tta_section][vc_tta_section title=&#8221;Competitions awarded prior to 2014&#8243; tab_id=&#8221;1714131312996-3cb9371d-7c9b&#8221;][vc_column_text]<strong>2013: INTERNATIONAL COMPETITION CHILE<\/strong><\/p>\n<p>Project Competition<\/p>\n<p>Rehabilitation and integral restoration of the El Peral funicular in Valparaiso, Chile.<\/p>\n<p><strong>Client:<\/strong> Secretariat of Regional Development of Chile SUDERE<\/p>\n<p><strong>In consortium with:<\/strong> Ingenier\u00eda PEYCO (Spain)<\/p>\n<p><strong>2007: INTERNATIONAL RESTRICTED COMPETITION SPAIN<\/strong><\/p>\n<p>Project for the refurbishment for the construction of a commercial and business center in the bullring of Puerto Banus.<\/p>\n<p><strong>Client:<\/strong> SOC. Bullring of Puerto Ban\u00fas<\/p>\n<p><strong>2002: NATIONAL COMPETITION SPAIN<\/strong><\/p>\n<p>Project and Works Competition<\/p>\n<p>Rehabilitation of the facades of the Hospital de la Princesa in Madrid, Spain.<\/p>\n<p><strong>Client:<\/strong> Ministry of Health of Spain<\/p>\n<p><strong>Construction Company:<\/strong> ISOLUX WAT (Spain)<\/p>\n<p><strong>1996: NATIONAL COMPETITION SPAIN<\/strong><\/p>\n<p>Design and Construction Competition<\/p>\n<p>Integral Rehabilitation of the Toledo Bridge in Madrid<\/p>\n<p><strong>Client:<\/strong> Exmo: Madrid City Council<\/p>\n<p><strong>Construction Company:<\/strong> CONDISA GRUPO ORTIZ (Spain).[\/vc_column_text][\/vc_tta_section][\/vc_tta_accordion][\/vc_column][vc_column width=&#8221;1\/2&#8243; el_class=&#8221;PRINCIPALES MAGNITUDES&#8221;][vc_column_text]<\/p>\n<h4>MAIN MAGNITUDES<\/h4>\n<p>[\/vc_column_text][vc_separator][vc_column_text]Summary of projects carried out by Architects Jos\u00e9 M Sendarrubias and \u00c1ngel Hern\u00e1ndez Espada throughout their professional career:[\/vc_column_text][vc_tta_accordion active_section=&#8221;999&#8243; no_fill=&#8221;true&#8221; collapsible_all=&#8221;true&#8221;][vc_tta_section title=&#8221;Architecture Projects:&#8221; tab_id=&#8221;1714122044826-9f384168-725b&#8221;][vc_column_text]<\/p>\n<ul>\n<li>Projects completed: more than 250<\/li>\n<li>M2 of equivalent building: 2,000,000 m2<\/li>\n<li>Competitions submitted: around 40<\/li>\n<li>Competitions won: 9<\/li>\n<li>Architecture awards won: 4<\/li>\n<\/ul>\n<p>[\/vc_column_text][\/vc_tta_section][vc_tta_section title=&#8221;Urban and Territorial Planning Projects:&#8221; tab_id=&#8221;1714122044839-3d266232-5cd6&#8243;][vc_column_text]<\/p>\n<ul>\n<li>Projects completed: 20<\/li>\n<li>M2 developed: 14,710,611 m2<\/li>\n<\/ul>\n<p>[\/vc_column_text][\/vc_tta_section][vc_tta_section title=&#8221;Project management:&#8221; tab_id=&#8221;1714122142293-ceccc689-5fb4&#8243;][vc_column_text]<\/p>\n<ul>\n<li>Coordinated projects: 12<\/li>\n<li>M2 of equivalent building: 110,000 m2<\/li>\n<\/ul>\n<p>[\/vc_column_text][\/vc_tta_section][\/vc_tta_accordion][vc_column_text]<\/p>\n<h4>RECENT PROJECTS AND WORKS<\/h4>\n<p>[\/vc_column_text][vc_separator][vc_text_separator title=&#8221;2015&#8243; title_align=&#8221;separator_align_left&#8221;][vc_tta_accordion active_section=&#8221;999&#8243; no_fill=&#8221;true&#8221; collapsible_all=&#8221;true&#8221;][vc_tta_section title=&#8221;Projects carried out by SHARE during 2015:&#8221; tab_id=&#8221;1714130906711-5698dcbf-d08d&#8221;][vc_column_text]<\/p>\n<ul>\n<li>Remodeling and Expansion Project of the Jarama Circuit in Madrid (Spain). 1st Phase: Control Tower. Technical Direction and Reception of the works.<\/li>\n<li>Headquarters Project for Enahar TV in Algeria. Preliminary and Basic Project phases.<\/li>\n<li>Project for the Garrison Circle of Ain Naadja in Algiers (Algeria), for 70 rooms and 20 apartments, 4 stars category. Preliminary design phase.<\/li>\n<li>Feasibility report and options study for the Oued el Harrach Marina in Algiers (Algeria). Hotel Investment Company, S.I.H.<\/li>\n<\/ul>\n<p>[\/vc_column_text][\/vc_tta_section][vc_tta_section title=&#8221;Competitions submitted by SHARE during 2015:&#8221; tab_id=&#8221;1714130906720-321e9ab2-7176&#8243;][vc_column_text]<\/p>\n<ul>\n<li>International Restricted Invitation to Tender for the construction of a 300-room Thalassotherapy Hotel in Algiers (Algeria). Hotel Investment Company, S.I.H.<\/li>\n<li>International Invitation to tender for the construction of a Shopping Center in Oran (Algeria). Society of Hotel Investments, S.I.H.<\/li>\n<li>International Restricted Invitation to tender for the Construction of a Luxury Residential Complex of 120 Apartments in Oran (Algeria). Hotel Investment Company, S.I.H.<\/li>\n<li>Restricted Ideas Competition for the Integral, Functional and Energetic Reform of the Residential Building &#8220;Lagos Park&#8221; in Galapagar (Madrid) for the real estate developer IKASA.<\/li>\n<\/ul>\n<p>[\/vc_column_text][\/vc_tta_section][vc_tta_section title=&#8221;Projects under development in 2015:&#8221; tab_id=&#8221;1714130986912-4a7d5d19-a9c4&#8243;][vc_column_text]<\/p>\n<ul>\n<li>Project of the Hotel Complex of 168 rooms and 29 bungalows, category 4 stars, La Citadelle in Biskra, (Algeria). Execution phases.<\/li>\n<li>Project for the Royaume Hotel with 100 rooms, 4 star category, in Algiers (Algeria). Execution Phase.<\/li>\n<li>Project for the Regional Circle of Blida (Algeria), for 90 rooms, 4 stars category. Phases of Facilities Project and Decoration Project and VRD.<\/li>\n<li>Project for the Garrison Circle of Ain Naadja in Algiers (Algeria), for 70 rooms and 20 apartments, 4 stars category. Basic Project Phase.<\/li>\n<\/ul>\n<p>[\/vc_column_text][\/vc_tta_section][\/vc_tta_accordion][vc_text_separator title=&#8221;2014&#8243; title_align=&#8221;separator_align_left&#8221;][vc_tta_accordion active_section=&#8221;999&#8243; no_fill=&#8221;true&#8221; collapsible_all=&#8221;true&#8221;][vc_tta_section title=&#8221;Projects carried out by SHARE during 2014:&#8221; tab_id=&#8221;1714131072534-ce203d1e-d98a&#8221;][vc_column_text]<\/p>\n<ul>\n<li>Remodeling and Expansion Project of the Jarama Circuit in Madrid (Spain). 1st Phase: Control Tower and Annexed Restoration and Services Buildings. Preliminary Project, Basic Project and Execution Project.<\/li>\n<li>Project of the Hotel Complex of 168 rooms and 29 bungalows, 4 stars category, La Citadelle in Biskra, (Algeria). Preliminary and Basic Project phases.<\/li>\n<li>Project of the Royaume Hotel of 100 rooms, 4 stars category in Algiers (Algeria). Preliminary and Basic Project phases.<\/li>\n<li>Project for the Regional Circle of Blida (Algeria), for 90 rooms, 4 stars category. Basic Project and Execution Project phases.<\/li>\n<\/ul>\n<p>[\/vc_column_text][\/vc_tta_section][vc_tta_section title=&#8221;Competitions presented by SHARE during 2014:&#8221; tab_id=&#8221;1714131072547-a671e6f3-6da4&#8243;][vc_column_text]<\/p>\n<ul>\n<li>International Competition for the Hotel School of Tipaza (Algeria), Ministry of Tourism and Handicrafts of Algeria (finalists, under negotiated contracting).<\/li>\n<li>International Competition for the new Headquarters of the Ministry of Tourism, Land Management and Handicrafts of Algeria (finalists, under negotiated contracting).<\/li>\n<li>International Restricted Invitation to tender for the New CSCEC Headquarters, Oriental Business Park, in Algiers. China State Construction, Engineering, Corporation, CSCEC.<\/li>\n<li>International competition for the new cargo terminal at Gambia Airport.<\/li>\n<li>Tender for the development of parking lot projects in Algiers for the construction company COSIDER (prequalified).<\/li>\n<li>Tender for the technical follow-up activities of the works of the Office Complex called La Ciudad Financiera, for the Bank (qualified with the best technical score).&nbsp;<\/li>\n<\/ul>\n<p>[\/vc_column_text][\/vc_tta_section][\/vc_tta_accordion][vc_row_inner][vc_column_inner width=&#8221;2\/3&#8243;][vc_single_image image=&#8221;3304&#8243; img_size=&#8221;full&#8221; alignment=&#8221;center&#8221;][\/vc_column_inner][vc_column_inner width=&#8221;1\/3&#8243;][\/vc_column_inner][\/vc_row_inner][\/vc_column][\/vc_row]<\/p>\n<\/div>","protected":false},"excerpt":{"rendered":"<p>[vc_row][vc_column width=&#8221;1\/2&#8243; css=&#8221;.vc_custom_1449529345051{margin-left: -15px !important;}&#8221;][vc_column_text] ARCHITECTURE AWARDS [\/vc_column_text][vc_separator][vc_column_text]2015: XXIX MACAEL AWARDS Africa International Award Higher School of Hotel and Restaurant Management of Algiers, ESHRA. 2007:&#8230;<\/p>\n","protected":false},"author":3,"featured_media":-3,"parent":0,"menu_order":3,"comment_status":"closed","ping_status":"closed","template":"","meta":{"rs_blank_template":"","rs_page_bg_color":"","slide_template_v7":"","footnotes":""},"wf_page_folders":[],"class_list":["post-8682","page","type-page","status-publish","has-post-thumbnail","hentry"],"acf":[],"_links":{"self":[{"href":"https:\/\/coliving.media3w.com\/en\/wp-json\/wp\/v2\/pages\/8682","targetHints":{"allow":["GET"]}}],"collection":[{"href":"https:\/\/coliving.media3w.com\/en\/wp-json\/wp\/v2\/pages"}],"about":[{"href":"https:\/\/coliving.media3w.com\/en\/wp-json\/wp\/v2\/types\/page"}],"author":[{"embeddable":true,"href":"https:\/\/coliving.media3w.com\/en\/wp-json\/wp\/v2\/users\/3"}],"replies":[{"embeddable":true,"href":"https:\/\/coliving.media3w.com\/en\/wp-json\/wp\/v2\/comments?post=8682"}],"version-history":[{"count":2,"href":"https:\/\/coliving.media3w.com\/en\/wp-json\/wp\/v2\/pages\/8682\/revisions"}],"predecessor-version":[{"id":8696,"href":"https:\/\/coliving.media3w.com\/en\/wp-json\/wp\/v2\/pages\/8682\/revisions\/8696"}],"wp:featuredmedia":[{"embeddable":true,"href":"https:\/\/coliving.media3w.com\/en\/wp-json\/"}],"wp:attachment":[{"href":"https:\/\/coliving.media3w.com\/en\/wp-json\/wp\/v2\/media?parent=8682"}],"wp:term":[{"taxonomy":"wf_page_folders","embeddable":true,"href":"https:\/\/coliving.media3w.com\/en\/wp-json\/wp\/v2\/wf_page_folders?post=8682"}],"curies":[{"name":"wp","href":"https:\/\/api.w.org\/{rel}","templated":true}]}}