{"id":8559,"date":"2019-06-10T08:32:49","date_gmt":"2019-06-10T06:32:49","guid":{"rendered":"https:\/\/coliving.media3w.com\/muestrainicio1\/"},"modified":"2024-06-17T16:52:18","modified_gmt":"2024-06-17T14:52:18","slug":"muestrainicio1","status":"publish","type":"page","link":"https:\/\/coliving.media3w.com\/fr\/","title":{"rendered":"Accueil"},"content":{"rendered":"<div class=\"wpb-content-wrapper\"><p>[vc_row][vc_column]\n\t\t\t\t<p class=\"rs-p-wp-fix\"><\/p>\n\t\t\t\t<sr7-module data-alias=\"menu-1\" data-id=\"3\" id=\"SR7_3_1\" data-version=\"7.0.7.1\">\n\t\t\t\t\t<sr7-adjuster><\/sr7-adjuster>\n\t\t\t\t\t<sr7-content>\n\t\t\t\t\t\t<sr7-slide id=\"SR7_3_1-106\" data-key=\"106\">\n\t\t\t\t\t\t\t<sr7-txt id=\"SR7_3_1-106-3\" class=\"sr7-layer\">menu<\/sr7-txt>\n\t\t\t\t\t\t\t<sr7-txt id=\"SR7_3_1-106-7\" class=\"sr7-layer\">fermer<\/sr7-txt>\n\t\t\t\t\t\t\t<a id=\"SR7_3_1-106-9\" class=\"sr7-layer\" href=\"https:\/\/www.facebook.com\/\" target=\"_blank\" rel=\"noopener\">FB<\/a>\n\t\t\t\t\t\t\t<a id=\"SR7_3_1-106-10\" class=\"sr7-layer\" href=\"https:\/\/coliving.media3w.com\/fr\/\" target=\"_self\">Accueil<\/a>\n\t\t\t\t\t\t\t<a id=\"SR7_3_1-106-11\" class=\"sr7-layer\" href=\"https:\/\/coliving.media3w.com\/fr\/l-equipe\/\" target=\"_self\">Nous<\/a>\n\t\t\t\t\t\t\t<a id=\"SR7_3_1-106-12\" class=\"sr7-layer\" href=\"https:\/\/coliving.media3w.com\/proyectos\/\" target=\"_self\">Projets<\/a>\n\t\t\t\t\t\t\t<sr7-txt id=\"SR7_3_1-106-13\" class=\"sr7-layer\" srscsrc>\n<div class=\"wpml-ls-statics-footer wpml-ls wpml-ls-legacy-list-horizontal\">\n\t<ul><li class=\"wpml-ls-slot-footer wpml-ls-item wpml-ls-item-es wpml-ls-first-item wpml-ls-item-legacy-list-horizontal\">\n\t\t\t\t<a href=\"https:\/\/coliving.media3w.com\/\" class=\"wpml-ls-link\">\n                                                        <img decoding=\"async\"\n            class=\"wpml-ls-flag\"\n            src=\"https:\/\/coliving.media3w.com\/wp-content\/plugins\/sitepress-multilingual-cms\/res\/flags\/es.svg\"\n            alt=\"\"\n            width=18\n            height=12\n    \/><span class=\"wpml-ls-native\" lang=\"es\">Es<\/span><\/a>\n\t\t\t<\/li><li class=\"wpml-ls-slot-footer wpml-ls-item wpml-ls-item-en wpml-ls-item-legacy-list-horizontal\">\n\t\t\t\t<a href=\"https:\/\/coliving.media3w.com\/en\/\" class=\"wpml-ls-link\">\n                                                        <img decoding=\"async\"\n            class=\"wpml-ls-flag\"\n            src=\"https:\/\/coliving.media3w.com\/wp-content\/plugins\/sitepress-multilingual-cms\/res\/flags\/en.svg\"\n            alt=\"\"\n            width=18\n            height=12\n    \/><span class=\"wpml-ls-native\" lang=\"en\">Eng<\/span><span class=\"wpml-ls-display\"><span class=\"wpml-ls-bracket\"> (<\/span>An<span class=\"wpml-ls-bracket\">)<\/span><\/span><\/a>\n\t\t\t<\/li><li class=\"wpml-ls-slot-footer wpml-ls-item wpml-ls-item-fr wpml-ls-current-language wpml-ls-last-item wpml-ls-item-legacy-list-horizontal\">\n\t\t\t\t<a href=\"https:\/\/coliving.media3w.com\/fr\/\" class=\"wpml-ls-link\">\n                                                        <img decoding=\"async\"\n            class=\"wpml-ls-flag\"\n            src=\"https:\/\/coliving.media3w.com\/wp-content\/plugins\/sitepress-multilingual-cms\/res\/flags\/fr.svg\"\n            alt=\"\"\n            width=18\n            height=12\n    \/><span class=\"wpml-ls-native\">Fra<\/span><\/a>\n\t\t\t<\/li><\/ul>\n<\/div>\n<\/sr7-txt>\n\t\t\t\t\t\t\t<a id=\"SR7_3_1-106-14\" class=\"sr7-layer\" href=\"https:\/\/coliving.media3w.com\/fr\/activites-et-services\/\" target=\"_self\">Services<\/a>\n\t\t\t\t\t\t\t<sr7-txt id=\"SR7_3_1-106-15\" class=\"sr7-layer\">\/<\/sr7-txt>\n\t\t\t\t\t\t\t<a id=\"SR7_3_1-106-16\" class=\"sr7-layer\" href=\"https:\/\/www.instagram.com\/\" target=\"_blank\" rel=\"noopener\">IG<\/a>\n\t\t\t\t\t\t\t<a id=\"SR7_3_1-106-17\" class=\"sr7-layer\" href=\"https:\/\/coliving.media3w.com\/contacto\/\" target=\"_self\">Contact<\/a>\n\t\t\t\t\t\t\t<sr7-txt id=\"SR7_3_1-106-18\" class=\"sr7-layer\">\/<\/sr7-txt>\n\t\t\t\t\t\t\t<a id=\"SR7_3_1-106-19\" class=\"sr7-layer\" href=\"https:\/\/www.youtube.com\/\" target=\"_blank\" rel=\"noopener\">YT<\/a>\n\t\t\t\t\t\t\t<sr7-txt id=\"SR7_3_1-106-20\" class=\"sr7-layer\">Apolonio Morales 13, local H<br \/>\n28036 \u2013 Madrid, ESPAGNE<br \/>\nTel. + 34 91 448 86 18<br \/>\nestudio@coliving.media3w.com<\/sr7-txt>\n\t\t\t\t\t\t\t<a id=\"SR7_3_1-106-22\" class=\"sr7-layer\" href=\"https:\/\/coliving.media3w.com\/fr\/contact\/\" target=\"_self\">Contact<\/a>\n\t\t\t\t\t\t\t<a id=\"SR7_3_1-106-23\" class=\"sr7-layer\" href=\"https:\/\/coliving.media3w.com\/fr\/donnees-pertinentes\/\" target=\"_self\">R\u00e9f\u00e9rences<\/a>\n\t\t\t\t\t\t<\/sr7-slide>\n\t\t\t\t\t\t<sr7-slide id=\"SR7_3_1-37\" data-key=\"37\">\n\t\t\t\t\t\t<\/sr7-slide>\n\t\t\t\t\t<\/sr7-content>\n\t\t\t\t\t<image_lists style=\"display:none\">\n\t\t\t\t\t\t<img data-src=\"\/\/coliving.media3w.com\/wp-content\/uploads\/revslider\/o\/3\/10eaf76ae5d644523a1e4e09746f3486.webp\" data-libid=\"8155\" title=\"slide-3.jpg\" width=\"0\" height=\"0\" data-dbsrc=\"Ly9jb2xpdmluZy5tZWRpYTN3LmNvbS93cC1jb250ZW50L3VwbG9hZHMvcmV2c2xpZGVyL21lbnUtMS9zbGlkZS0zLmpwZw==\"\/>\n\t\t\t\t\t\t<img data-src=\"\/\/coliving.media3w.com\/wp-content\/uploads\/revslider\/o\/3\/48a234908da8b7afd928cf5d04772ebc.webp\" data-libid=\"8754\" title=\"b1-LOGO-SHARE-IMG_1033-1\" width=\"0\" height=\"0\" data-dbsrc=\"Ly9jb2xpdmluZy5tZWRpYTN3LmNvbS93cC1jb250ZW50L3VwbG9hZHMvMjAyNi8wNC9sb2dvLnBuZw==\"\/>\n\t\t\t\t\t\t<img data-src=\"\/\/coliving.media3w.com\/wp-content\/uploads\/revslider\/o\/3\/cb01e56d56fcaa2abbe7af5430dc8eca.webp\" data-libid=\"8158\" title=\"project3.jpg\" width=\"0\" height=\"0\" data-dbsrc=\"Ly9jb2xpdmluZy5tZWRpYTN3LmNvbS93cC1jb250ZW50L3VwbG9hZHMvcmV2c2xpZGVyL21lbnUtMS9wcm9qZWN0My5qcGc=\"\/>\n\t\t\t\t\t\t<img data-src=\"\/\/coliving.media3w.com\/wp-content\/uploads\/revslider\/o\/3\/8c88c53a3927ff4d455ec50fd73c584b.webp\" data-libid=\"8161\" title=\"project2.jpg\" width=\"0\" height=\"0\" data-dbsrc=\"Ly9jb2xpdmluZy5tZWRpYTN3LmNvbS93cC1jb250ZW50L3VwbG9hZHMvcmV2c2xpZGVyL21lbnUtMS9wcm9qZWN0Mi5qcGc=\"\/>\n\t\t\t\t\t\t<img data-src=\"\/\/coliving.media3w.com\/wp-content\/uploads\/revslider\/o\/3\/22c09fdb35fa2a8bbd53e887ee8489ed.webp\" width=\"0\" height=\"0\" data-dbsrc=\"Ly9jb2xpdmluZy5tZWRpYTN3LmNvbS93cC1jb250ZW50L3VwbG9hZHMvcmV2c2xpZGVyL29iamVjdHMvVHdpbi1Ub3dlci5qcGc=\"\/>\n\t\t\t\t\t\t<img data-src=\"\/\/coliving.media3w.com\/wp-content\/uploads\/revslider\/o\/3\/a1fbfeaf971e5630aa246aaf938893b2.webp\" width=\"0\" height=\"0\" data-dbsrc=\"Ly9jb2xpdmluZy5tZWRpYTN3LmNvbS93cC1jb250ZW50L3VwbG9hZHMvcmV2c2xpZGVyL29iamVjdHMvY2l0eV9za3lsaW5lLmpwZw==\"\/>\n\t\t\t\t\t\t<img data-src=\"\/\/coliving.media3w.com\/wp-content\/uploads\/revslider\/o\/3\/4f9d127bab8a36970c2a4ce584bbfd55.webp\" data-libid=\"8754\" title=\"b1-LOGO-SHARE-IMG_1033-1\" width=\"0\" height=\"0\" data-dbsrc=\"Ly9jb2xpdmluZy5tZWRpYTN3LmNvbS93cC1jb250ZW50L3VwbG9hZHMvMjAyNC8wNi9iMS1MT0dPLVNIQVJFLUlNR18xMDMzLTEucG5n\"\/>\n\t\t\t\t\t<\/image_lists>\n\t\t\t\t<\/sr7-module>\n\t\t\t\t<script>\n\t\t\t\t\twindow.SR7??={}; SR7.PMH ??={}; SR7.PMH[\"SR7_3_1\"] = {cn:100,state:false,fn: function() { if (window._tpt!==undefined && window._tpt.prepareModuleHeight !== undefined) {  _tpt.prepareModuleHeight({id:\"SR7_3_1\",el:[1124,1124,1124,1124,936],fixed:true,type:'hero',gh:[900,900,768,960,720],gw:[1240,1240,1024,778,480],vpt:['200px&#039;,&#039;200px&#039;,&#039;200px&#039;,&#039;200px&#039;,&#039;200px'],size:{fullWidth:true, fullHeight:true},fho:'',mh:'0',onh:0,onw:0,bg:{color:'{\"orig\":\"transparent\",\"type\":\"solid\",\"string\":\"transparent\"}'}});   SR7.PMH[\"SR7_3_1\"].state=true;} else if(SR7.PMH[\"SR7_3_1\"].cn-->0)\tsetTimeout( SR7.PMH[\"SR7_3_1\"].fn,19);}};SR7.PMH[\"SR7_3_1\" ].fn();\n\t\t\t\t<\/script>\n\n\t\t\t\t<p class=\"rs-p-wp-fix\"><\/p>\n\t\t\t\t<sr7-module data-alias=\"hero-2\" data-id=\"5\" id=\"hero2\" data-version=\"7.0.7.1\">\n\t\t\t\t\t<sr7-adjuster><\/sr7-adjuster>\n\t\t\t\t\t<sr7-content>\n\t\t\t\t\t\t<sr7-slide id=\"hero2-99\" data-key=\"99\">\n\t\t\t\t\t\t\t<sr7-txt id=\"hero2-99-1\" class=\"sr7-layer\">Architecture & Ing\u00e9nierie<\/sr7-txt>\n\t\t\t\t\t\t\t<sr7-txt id=\"hero2-99-2\" class=\"sr7-layer\">Lorem ipsum dolor sit amet, consectetur adipiscing elit, sed do eiusmod tempor incididunt ut labore et dolore magna aliqua. <\/sr7-txt>\n\t\t\t\t\t\t\t<sr7-txt id=\"hero2-99-5\" class=\"sr7-layer\">scroll<\/sr7-txt>\n\t\t\t\t\t\t\t<sr7-txt id=\"hero2-99-14\" class=\"sr7-layer\">\u00c9tude de projet SHARE<\/sr7-txt>\n\t\t\t\t\t\t<\/sr7-slide>\n\t\t\t\t\t\t<sr7-slide id=\"hero2-41\" data-key=\"41\">\n\t\t\t\t\t\t<\/sr7-slide>\n\t\t\t\t\t<\/sr7-content>\n\t\t\t\t\t<image_lists style=\"display:none\">\n\t\t\t\t\t\t<img data-src=\"\/\/coliving.media3w.com\/wp-content\/uploads\/revslider\/o\/5\/48a234908da8b7afd928cf5d04772ebc.webp\" data-libid=\"8754\" title=\"b1-LOGO-SHARE-IMG_1033-1\" width=\"0\" height=\"0\" data-dbsrc=\"Ly9jb2xpdmluZy5tZWRpYTN3LmNvbS93cC1jb250ZW50L3VwbG9hZHMvMjAyNi8wNC9sb2dvLnBuZw==\"\/>\n\t\t\t\t\t\t<img data-src=\"\/\/coliving.media3w.com\/wp-content\/uploads\/revslider\/o\/5\/558078ebb001a6082b010b25c04b4451.webp\" data-libid=\"8167\" title=\"hero2-video_431.jpeg\" width=\"0\" height=\"0\" data-dbsrc=\"Ly9jb2xpdmluZy5tZWRpYTN3LmNvbS93cC1jb250ZW50L3VwbG9hZHMvcmV2c2xpZGVyL2hlcm8tMi9oZXJvMi12aWRlb180MzEuanBlZw==\"\/>\n\t\t\t\t\t\t<img data-src=\"\/\/coliving.media3w.com\/wp-content\/uploads\/revslider\/o\/5\/441e9d346f4d2fc0b3fd99442a71bcf4.webp\" data-libid=\"5394\" title=\"LOGO-SHARE-IMG_1033\" width=\"0\" height=\"0\" data-dbsrc=\"Ly9jb2xpdmluZy5tZWRpYTN3LmNvbS93cC1jb250ZW50L3VwbG9hZHMvMjAyNC8wNC9MT0dPLVNIQVJFLUlNR18xMDMzLTEucG5n\"\/>\n\t\t\t\t\t<\/image_lists>\n\t\t\t\t<\/sr7-module>\n\t\t\t\t<script>\n\t\t\t\t\twindow.SR7??={}; SR7.PMH ??={}; SR7.PMH[\"hero2\"] = {cn:100,state:false,fn: function() { if (window._tpt!==undefined && window._tpt.prepareModuleHeight !== undefined) {  _tpt.prepareModuleHeight({id:\"hero2\",el:[1124,1124,1124,1124,936],type:'hero',gh:[900,900,768,960,720],gw:[1240,1240,1024,778,480],vpt:['200px&#039;,&#039;200px&#039;,&#039;200px&#039;,&#039;200px&#039;,&#039;200px'],size:{fullWidth:true, fullHeight:true},fho:'',mh:'0',onh:0,onw:0,bg:{color:'{\"type\":\"solid\",\"orig\":\"#05151b\",\"string\":\"rgba(5, 21, 27, 1)\"}'}});   SR7.PMH[\"hero2\"].state=true;} else if(SR7.PMH[\"hero2\"].cn-->0)\tsetTimeout( SR7.PMH[\"hero2\"].fn,19);}};SR7.PMH[\"hero2\" ].fn();\n\t\t\t\t<\/script>\n\n\t\t\t\t<p class=\"rs-p-wp-fix\"><\/p>\n\t\t\t\t<sr7-module data-alias=\"about-2\" data-id=\"7\" id=\"about2\" data-version=\"7.0.7.1\">\n\t\t\t\t\t<sr7-adjuster><\/sr7-adjuster>\n\t\t\t\t\t<sr7-content>\n\t\t\t\t\t\t<sr7-slide id=\"about2-104\" data-key=\"104\">\n\t\t\t\t\t\t\t<sr7-txt id=\"about2-104-1\" class=\"sr7-layer\">qui nous sommes<\/sr7-txt>\n\t\t\t\t\t\t\t<sr7-txt id=\"about2-104-2\" class=\"sr7-layer\">Le cabinet est sp\u00e9cialis\u00e9 dans le d\u00e9veloppement et la gestion de tous types de projets architecturaux, depuis leur conception et leur d\u00e9veloppement jusqu'\u00e0 ce qu'ils deviennent des projets ex\u00e9cutifs, ainsi que dans le suivi et la gestion technique des travaux jusqu'\u00e0 leur ach\u00e8vement complet et leur r\u00e9ception.<\/sr7-txt>\n\t\t\t\t\t\t\t<a id=\"about2-104-5\" class=\"sr7-layer\" href=\"https:\/\/coliving.media3w.com\/fr\/activites-et-services\/\" target=\"_blank\" rel=\"noopener\">Plus d'informations<\/a>\n\t\t\t\t\t\t\t<sr7-txt id=\"about2-104-21\" class=\"sr7-layer\">Nous couvrons tous les types de projets et de travaux d'architecture et d'urbanisme.<\/sr7-txt>\n\t\t\t\t\t\t<\/sr7-slide>\n\t\t\t\t\t\t<sr7-slide id=\"about2-45\" data-key=\"45\">\n\t\t\t\t\t\t<\/sr7-slide>\n\t\t\t\t\t<\/sr7-content>\n\t\t\t\t<\/sr7-module>\n\t\t\t\t<script>\n\t\t\t\t\twindow.SR7??={}; SR7.PMH ??={}; SR7.PMH[\"about2\"] = {cn:100,state:false,fn: function() { if (window._tpt!==undefined && window._tpt.prepareModuleHeight !== undefined) {  _tpt.prepareModuleHeight({id:\"about2\",el:[1191,1191,904,960,720],type:'hero',gh:[910,910,904,960,720],gw:[1240,1240,1024,778,480],vpt:['100px&#039;,&#039;100px&#039;,&#039;100px&#039;,&#039;100px&#039;,&#039;100px'],size:{fullWidth:true, fullHeight:false},mh:'0',onh:0,onw:0,bg:{color:'{\"type\":\"solid\",\"orig\":\"#05151b\",\"string\":\"rgba(5, 21, 27, 1)\"}'}});   SR7.PMH[\"about2\"].state=true;} else if(SR7.PMH[\"about2\"].cn-->0)\tsetTimeout( SR7.PMH[\"about2\"].fn,19);}};SR7.PMH[\"about2\" ].fn();\n\t\t\t\t<\/script>\n<script>console.log(\"projects FR: No active slides found\")<\/script>\n[\/vc_column][\/vc_row][vc_row][vc_column width=\u00a0\u00bb1\/6&Prime;][\/vc_column][vc_column width=\u00a0\u00bb2\/3&Prime;][vc_empty_space height=\u00a0\u00bb64px\u00a0\u00bb][vc_column_text]<div data-vc-full-width=\"true\" data-vc-full-width-temp=\"true\" data-vc-full-width-init=\"false\" class=\"vc_row wpb_row vc_row-fluid vc_custom_1714045149463 et_custom_uniqid_new_662a40da8fd7a\"><div class=\"wpb_column vc_column_container vc_col-sm-12 et_custom_uniqid_69d52246cb49c\"><div class=\"vc_column-inner\"><div class=\"wpb_wrapper\"><div class=\"vc_separator wpb_content_element vc_separator_align_center vc_sep_width_100 vc_sep_pos_align_center vc_separator_no_text vc_sep_color_white wpb_content_element  wpb_content_element align-align_center align-align_center\" ><span class=\"vc_sep_holder vc_sep_holder_l\"><span class=\"vc_sep_line\"><\/span><\/span><span class=\"vc_sep_holder vc_sep_holder_r\"><span class=\"vc_sep_line\"><\/span><\/span>\n<\/div><div class=\"vc_row wpb_row vc_inner vc_row-fluid et_custom_uniqid_69d52246cb43a\"><div class=\"wpb_column vc_column_container vc_col-sm-6 et_custom_uniqid_69d52246cb4a9\"><div class=\"vc_column-inner\"><div class=\"wpb_wrapper\">\n\t<div class=\"wpb_text_column wpb_content_element\" >\n\t\t<div class=\"wpb_wrapper\">\n\t\t\t<p><span style=\"color: #ffffff;\">\u00a9 2024 SHAREARCHITECTS S.L.<\/span><br \/>\n<span style=\"color: #ffffff;\">Tous droits r\u00e9serv\u00e9s.<\/span><\/p>\n\n\t\t<\/div>\n\t<\/div>\n<\/div><\/div><\/div><div class=\"wpb_column vc_column_container vc_col-sm-6 et_custom_uniqid_69d52246cb4a9\"><div class=\"vc_column-inner\"><div class=\"wpb_wrapper\">\n\t<div class=\"wpb_text_column wpb_content_element\" >\n\t\t<div class=\"wpb_wrapper\">\n\t\t\t<p style=\"text-align: right;\"><span style=\"color: #ffffff;\"><a style=\"color: #ffffff;\" href=\"https:\/\/coliving.media3w.com\/fr\/contact\/\">Contact<\/a><\/span><\/p>\n\n\t\t<\/div>\n\t<\/div>\n\n\t<div class=\"wpb_text_column wpb_content_element\" >\n\t\t<div class=\"wpb_wrapper\">\n\t\t\t<p style=\"text-align: right;\"><span style=\"color: #ffffff;\"><a style=\"color: #ffffff;\" href=\"https:\/\/coliving.media3w.com\/fr\/legal-notice\/\">Politique en mati\u00e8re de cookies - Politique de confidentialit\u00e9 - Avis juridique<\/a><\/span><\/p>\n\n\t\t<\/div>\n\t<\/div>\n<\/div><\/div><\/div><\/div>\n\t<div class=\"wpb_text_column wpb_content_element\" >\n\t\t<div class=\"wpb_wrapper\">\n\t\t\t<p style=\"text-align: center;\">\n<div class=\"wpml-ls-statics-footer wpml-ls wpml-ls-legacy-list-horizontal\">\n\t<ul><li class=\"wpml-ls-slot-footer wpml-ls-item wpml-ls-item-es wpml-ls-first-item wpml-ls-item-legacy-list-horizontal\">\n\t\t\t\t<a href=\"https:\/\/coliving.media3w.com\/\" class=\"wpml-ls-link\">\n                                                        <img decoding=\"async\"\n            class=\"wpml-ls-flag\"\n            src=\"https:\/\/coliving.media3w.com\/wp-content\/plugins\/sitepress-multilingual-cms\/res\/flags\/es.svg\"\n            alt=\"\"\n            width=18\n            height=12\n    \/><span class=\"wpml-ls-native\" lang=\"es\">Es<\/span><\/a>\n\t\t\t<\/li><li class=\"wpml-ls-slot-footer wpml-ls-item wpml-ls-item-en wpml-ls-item-legacy-list-horizontal\">\n\t\t\t\t<a href=\"https:\/\/coliving.media3w.com\/en\/\" class=\"wpml-ls-link\">\n                                                        <img decoding=\"async\"\n            class=\"wpml-ls-flag\"\n            src=\"https:\/\/coliving.media3w.com\/wp-content\/plugins\/sitepress-multilingual-cms\/res\/flags\/en.svg\"\n            alt=\"\"\n            width=18\n            height=12\n    \/><span class=\"wpml-ls-native\" lang=\"en\">Eng<\/span><span class=\"wpml-ls-display\"><span class=\"wpml-ls-bracket\"> (<\/span>An<span class=\"wpml-ls-bracket\">)<\/span><\/span><\/a>\n\t\t\t<\/li><li class=\"wpml-ls-slot-footer wpml-ls-item wpml-ls-item-fr wpml-ls-current-language wpml-ls-last-item wpml-ls-item-legacy-list-horizontal\">\n\t\t\t\t<a href=\"https:\/\/coliving.media3w.com\/fr\/\" class=\"wpml-ls-link\">\n                                                        <img decoding=\"async\"\n            class=\"wpml-ls-flag\"\n            src=\"https:\/\/coliving.media3w.com\/wp-content\/plugins\/sitepress-multilingual-cms\/res\/flags\/fr.svg\"\n            alt=\"\"\n            width=18\n            height=12\n    \/><span class=\"wpml-ls-native\">Fra<\/span><\/a>\n\t\t\t<\/li><\/ul>\n<\/div>\n\n\t\t<\/div>\n\t<\/div>\n<\/div><\/div><\/div><\/div><div class=\"vc_row-full-width vc_clearfix\"><\/div>[\/vc_column_text][\/vc_column][vc_column width=\u00a0\u00bb1\/6&Prime;][\/vc_column][\/vc_row]<\/p>\n<\/div>","protected":false},"excerpt":{"rendered":"menu fermer FB Accueil Nous Projets Es Eng (An) Fra Services \/ IG Contact \/ YT Apolonio Morales 13, local H 28036 \u2013 Madrid, ESPAGNE...","protected":false},"author":3,"featured_media":-3,"parent":0,"menu_order":0,"comment_status":"closed","ping_status":"closed","template":"..\/public\/views\/revslider-page-template.php","meta":{"rs_blank_template":"","rs_page_bg_color":"#05151b","slide_template_v7":"","footnotes":""},"wf_page_folders":[],"class_list":["post-8559","page","type-page","status-publish","has-post-thumbnail","hentry"],"acf":[],"_links":{"self":[{"href":"https:\/\/coliving.media3w.com\/fr\/wp-json\/wp\/v2\/pages\/8559","targetHints":{"allow":["GET"]}}],"collection":[{"href":"https:\/\/coliving.media3w.com\/fr\/wp-json\/wp\/v2\/pages"}],"about":[{"href":"https:\/\/coliving.media3w.com\/fr\/wp-json\/wp\/v2\/types\/page"}],"author":[{"embeddable":true,"href":"https:\/\/coliving.media3w.com\/fr\/wp-json\/wp\/v2\/users\/3"}],"replies":[{"embeddable":true,"href":"https:\/\/coliving.media3w.com\/fr\/wp-json\/wp\/v2\/comments?post=8559"}],"version-history":[{"count":6,"href":"https:\/\/coliving.media3w.com\/fr\/wp-json\/wp\/v2\/pages\/8559\/revisions"}],"predecessor-version":[{"id":8752,"href":"https:\/\/coliving.media3w.com\/fr\/wp-json\/wp\/v2\/pages\/8559\/revisions\/8752"}],"wp:featuredmedia":[{"embeddable":true,"href":"https:\/\/coliving.media3w.com\/fr\/wp-json\/"}],"wp:attachment":[{"href":"https:\/\/coliving.media3w.com\/fr\/wp-json\/wp\/v2\/media?parent=8559"}],"wp:term":[{"taxonomy":"wf_page_folders","embeddable":true,"href":"https:\/\/coliving.media3w.com\/fr\/wp-json\/wp\/v2\/wf_page_folders?post=8559"}],"curies":[{"name":"wp","href":"https:\/\/api.w.org\/{rel}","templated":true}]}}