{"id":8633,"date":"2015-12-06T17:35:03","date_gmt":"2015-12-06T16:35:03","guid":{"rendered":"https:\/\/coliving.media3w.com\/equipo\/"},"modified":"2024-06-10T13:29:53","modified_gmt":"2024-06-10T11:29:53","slug":"l-equipe","status":"publish","type":"page","link":"https:\/\/coliving.media3w.com\/fr\/l-equipe\/","title":{"rendered":"L&rsquo;\u00e9quipe"},"content":{"rendered":"<div class=\"wpb-content-wrapper\"><p>[vc_row][vc_column][vc_column_text]<\/p>\n<h4>PARTENAIRES ET ASSOCI\u00c9S<\/h4>\n<p>[\/vc_column_text][vc_separator][vc_column_text]<div id=\"awsm-team-8353\" class=\"awsm-grid-wrapper\">\n\t\t\n\t<div class=\"awsm-modal\">\n\t\t\t<div class=\"awsm-grid-modal awsm-grid modal-style style-1 grid-5-col \">\n\t\t\t\t\t\t<div id=\"awsm-member-8353-8706\" class=\"awsm-grid-card awsm-team-item awsm-scale-anm awsm-all\">\n\t\t\t\t\t<span id=\"tigger-style-8353-8706\" class=\"awsm-team-link-control awsm-modal-trigger awsm-modal-trigger-8706\" data-trigger=\"#modal-style-8353-8706\">\n\t\t\t\t\t\t<figure>\n\t\t\t\t\t\t\t<img loading=\"lazy\" decoding=\"async\" width=\"234\" height=\"234\" src=\"https:\/\/coliving.media3w.com\/wp-content\/uploads\/xstore\/xstore-placeholder-1x1.png\" class=\"attachment-awsm_team size-awsm_team lazyload lazyload-simple et-lazyload-fadeIn wp-post-image\" alt=\"\" data-src=\"https:\/\/coliving.media3w.com\/wp-content\/uploads\/2024\/04\/CHEMA-SENDARRUBIAS-234x234-1-e1714121698253.jpg\" \/>\t\t\t\t\t\t\t<figcaption>\n\t\t\t\t\t\t\t\t<div class=\"awsm-personal-info\"><span>DIRECTEUR G\u00c9N\u00c9RAL \/ ADMINISTRATEUR D\u00c9L\u00c9GU\u00c9<\/span><h3>D. JOS\u00c9 MAR\u00cdA SENDARRUBIAS REDONDO<\/h3><\/div>\t\t\t\t\t\t\t<\/figcaption>\n\t\t\t\t\t\t<\/figure>\n\t\t\t\t\t<\/span>\n\t\t\t\t<\/div>\n\t\t\t\t\t\t\t<div id=\"awsm-member-8353-8710\" class=\"awsm-grid-card awsm-team-item awsm-scale-anm awsm-all\">\n\t\t\t\t\t<span id=\"tigger-style-8353-8710\" class=\"awsm-team-link-control awsm-modal-trigger awsm-modal-trigger-8710\" data-trigger=\"#modal-style-8353-8710\">\n\t\t\t\t\t\t<figure>\n\t\t\t\t\t\t\t<img loading=\"lazy\" decoding=\"async\" width=\"134\" height=\"136\" src=\"https:\/\/coliving.media3w.com\/wp-content\/uploads\/xstore\/xstore-placeholder.png\" class=\"attachment-awsm_team size-awsm_team lazyload lazyload-simple et-lazyload-fadeIn wp-post-image\" alt=\"\" data-src=\"https:\/\/coliving.media3w.com\/wp-content\/uploads\/2016\/01\/ANGEL-HERNANDEZ-PERFIL-1-Imagen1-e1455964208256.jpg\" \/>\t\t\t\t\t\t\t<figcaption>\n\t\t\t\t\t\t\t\t<div class=\"awsm-personal-info\"><span>Partenaire<\/span><h3>D. \u00c1NGEL HERN\u00c1NDEZ ESPADA<\/h3><\/div>\t\t\t\t\t\t\t<\/figcaption>\n\t\t\t\t\t\t<\/figure>\n\t\t\t\t\t<\/span>\n\t\t\t\t<\/div>\n\t\t\t\t\t\t\t<div id=\"awsm-member-8353-8712\" class=\"awsm-grid-card awsm-team-item awsm-scale-anm awsm-all\">\n\t\t\t\t\t<span id=\"tigger-style-8353-8712\" class=\"awsm-team-link-control awsm-modal-trigger awsm-modal-trigger-8712\" data-trigger=\"#modal-style-8353-8712\">\n\t\t\t\t\t\t<figure>\n\t\t\t\t\t\t\t<img loading=\"lazy\" decoding=\"async\" width=\"216\" height=\"216\" src=\"https:\/\/coliving.media3w.com\/wp-content\/uploads\/xstore\/xstore-placeholder-1x1.png\" class=\"attachment-awsm_team size-awsm_team lazyload lazyload-simple et-lazyload-fadeIn wp-post-image\" alt=\"\" data-src=\"https:\/\/coliving.media3w.com\/wp-content\/uploads\/2016\/01\/PAZ-HERNANDEZ-PERFIL-e1453459213266.jpg\" \/>\t\t\t\t\t\t\t<figcaption>\n\t\t\t\t\t\t\t\t<div class=\"awsm-personal-info\"><span>Associ\u00e9<\/span><h3>D\u00aa M\u00aa PAZ HERN\u00c1NDEZ DE BRIONES<\/h3><\/div>\t\t\t\t\t\t\t<\/figcaption>\n\t\t\t\t\t\t<\/figure>\n\t\t\t\t\t<\/span>\n\t\t\t\t<\/div>\n\t\t\t\t\t<\/div>\n\t\t<div class=\"awsm-modal-items modal-style style-1 grid-5-col \">\n\t\t\t<span class=\"awsm-team-link-control awsm-modal-close\"><\/span>\n\t\t\t<div class=\"awsm-modal-items-main\">\n\t\t\t\t<span class=\"awsm-team-link-control awsm-nav-item awsm-nav-left\"><\/span>\n\t\t\t\t\t<div id=\"modal-style-8353-8706\" class=\"awsm-modal-item awsm-scale-anm awsm-modal-hidden awsm-all \" data-info=\"8706\">\n\t<div id=\"awsm-member-info-8353-8706\" class=\"awsm-modal-content\">\n\t\t<div class=\"awsm-modal-content-main\">\n\t\t\t<div class=\"awsm-image-main\">\n\t\t\t\t<img loading=\"lazy\" decoding=\"async\" width=\"234\" height=\"234\" src=\"https:\/\/coliving.media3w.com\/wp-content\/uploads\/xstore\/xstore-placeholder-1x1.png\" class=\"attachment-awsm_team size-awsm_team lazyload lazyload-simple et-lazyload-fadeIn wp-post-image\" alt=\"\" data-src=\"https:\/\/coliving.media3w.com\/wp-content\/uploads\/2024\/04\/CHEMA-SENDARRUBIAS-234x234-1-e1714121698253.jpg\" \/>\t\t\t<\/div>\n\t\t\t<div class=\"awsm-modal-details\">\n\t\t\t\t<div class=\"awsm-modal-content-inner\">\n\t\t\t\t\t<h3>DIRECTEUR G\u00c9N\u00c9RAL \/ ADMINISTRATEUR D\u00c9L\u00c9GU\u00c9<\/h3><h2>D. JOS\u00c9 MAR\u00cdA SENDARRUBIAS REDONDO<\/h2><p>Jos\u00e9 M Sendarrubias Redondo est n\u00e9 \u00e0 Madrid (Espagne) en mars 1961. Il est architecte \u00e0 l&rsquo;Escuela Superior de Arquitectura de Madrid ETSAM depuis d\u00e9cembre 1988 et membre du Colegio Oficial de Arquitectos de Madrid COAM depuis janvier 1989, ayant r\u00e9cemment re\u00e7u la m\u00e9daille d&rsquo;argent pour ses 25 ans d&rsquo;adh\u00e9sion.<\/p>\n<p>Au d\u00e9but de sa carri\u00e8re professionnelle, il a ouvert son propre studio d&rsquo;architecture en 1989, travaillant en collaboration avec plusieurs architectes espagnols et \u00e9tant associ\u00e9 professionnellement \u00e0 M. Manuel Alberto Arias Horas depuis 1990.<\/p>\n<p>\u00c0 partir de 1990, il a consacr\u00e9 une grande partie de sa carri\u00e8re et de son activit\u00e9 professionnelle au secteur de la construction et de l&rsquo;ing\u00e9nierie, travaillant sur d&rsquo;importants projets de construction et d&rsquo;infrastructure au sein de grands groupes de construction espagnols prestigieux tels que le Grupo Ortiz Construcciones y Proyectos (1991-2000, en tant que directeur de projet, directeur technique et enfin directeur g\u00e9n\u00e9ral de la filiale Compa\u00f1\u00eda Internacional de Construcci\u00f3n y Dise\u00f1o, CONDISA) et le Grupo Isolux Cors\u00e1n (septi\u00e8me groupe de construction espagnol, 2000-2010, en tant que directeur de sa filiale Ingenier\u00eda Ibalux), Directeur technique et enfin directeur g\u00e9n\u00e9ral de la filiale Compa\u00f1\u00eda Internacional de Construcci\u00f3n y Dise\u00f1o, CONDISA) et le groupe Isolux Cors\u00e1n (septi\u00e8me groupe de construction espagnol, 2000-2010, en tant que directeur de sa filiale Ingenier\u00eda Ibalux, puis directeur de la construction et directeur g\u00e9n\u00e9ral de l&rsquo;immobilier et des actifs du groupe et membre du comit\u00e9 de direction depuis 2006). Au cours de cette p\u00e9riode, il a exerc\u00e9 une grande partie de ses responsabilit\u00e9s sur les march\u00e9s internationaux.<\/p>\n<p>Il a \u00e9t\u00e9 responsable de l&rsquo;ex\u00e9cution de grands projets de construction et de d\u00e9veloppement immobilier tels que : Conservation et restauration des monuments publics de la ville de Madrid, restauration du palais royal de Madrid, restauration du couvent de Las Huelgas Reales \u00e0 Burgos, restauration du pont de Tol\u00e8de \u00e0 Madrid (prix de la mairie de Madrid pour les meilleurs travaux de restauration), construction du centre de haute performance CAR \u00e0 Madrid (prix de la mairie de Madrid pour les meilleurs travaux de construction), Centre d&rsquo;exposition de Talavera de la Reina, complexe h\u00f4telier Cordial Mogan Valley \u00e0 Tenerife et Xeresa Golf \u00e0 Benidorm, h\u00f4pital de Nouadhibou en Mauritanie, h\u00f4pital de Fann \u00e0 Dakar, S\u00e9n\u00e9gal, Neuqu\u00e9n en Argentine et Bata en Guin\u00e9e \u00e9quatoriale, agence de tourisme de Denia, d\u00e9veloppement immobilier Ressort de Azul de Cort\u00e9s en Basse-Californie, Mexique.<\/p>\n<p>Tout au long de cette p\u00e9riode, il n&rsquo;a jamais abandonn\u00e9 sa pratique professionnelle dans le d\u00e9veloppement de projets architecturaux, ayant r\u00e9alis\u00e9 et dirig\u00e9 d&rsquo;importants projets de la pertinence de : Remodelage int\u00e9gral du pont de Tol\u00e8de \u00e0 Madrid (prix de la mairie de Madrid pour les meilleurs travaux de r\u00e9habilitation), Remodelage int\u00e9gral du b\u00e2timent de la Cl\u00ednica de la Esperanza \u00e0 Vitoria-Gasteiz, Restauration int\u00e9grale des fa\u00e7ades de l&rsquo;h\u00f4pital de la Princesa, \u00e0 Madrid, Club Social del Campo de Golf los Retamares \u00e0 Alalpardo, Madrid, Centre sportif \u00e0 Alaior \u00e0 Mallorca, Complexe sportif Salto del Agua \u00e0 Benidorm, Complexe sportif et commercial \u00e0 Valdilecha, Madrid, Complexe r\u00e9sidentiel \u00e0 Mirasierra, Madrid, etc.<\/p>\n<p>Depuis 20 ans, il collabore r\u00e9guli\u00e8rement avec M. \u00c1ngel Hern\u00e1ndez Espada, et depuis 2010, ils partagent un bureau de projets, ayant r\u00e9alis\u00e9 d&rsquo;importants projets tels que : Le remodelage du circuit Jarama, \u00e0 Madrid, le projet Eurasia \u00e0 Getafe, les r\u00e9habilitations int\u00e9grales des h\u00f4tels de Puerta del Sol, 1 et Gran V\u00eda, 31 \u00e0 Madrid, tous en Espagne ; le projet de r\u00e9habilitation int\u00e9grale du funiculaire de Valpara\u00edso, au Chili ; ou encore l&rsquo;\u00e9cole d&rsquo;h\u00f4tellerie et de restauration ESHRA, le cercle de garnison d&rsquo;Ain Naadja et l&rsquo;h\u00f4tel Royaume \u00e0 Alger, le complexe h\u00f4telier La Citadelle \u00e0 Biskra, ou le cercle r\u00e9gional de Blida, tous en Alg\u00e9rie. Plusieurs de ces projets ont \u00e9t\u00e9 prim\u00e9s, souvent dans le cadre de concours internationaux d&rsquo;architecture.<\/p>\n<p>Jos\u00e9 Mar\u00eda Sendarrubias est architecte de l&rsquo;Escuela T\u00e9cnica Superior de Arquitectura de Madrid ETSAM (1988), ma\u00eetre en projets du Centro Superior de Arquitectura CSA de Madrid (1990), sp\u00e9cialiste en restauration et r\u00e9habilitation de l&rsquo;ETSA de Madrid (1989), ainsi que sp\u00e9cialiste en installations sportives du COAM (1991). Il est intervenu en tant que sp\u00e9cialiste de la restauration monumentale lors de diverses conf\u00e9rences, symposiums et s\u00e9minaires d&rsquo;institutions importantes et prestigieuses telles que la Fundaci\u00f3n General de la Universidad Complutense-Cursos de Verano del Escorial, la COAM ou les congr\u00e8s internationaux de restauration, Il est l&rsquo;auteur de plusieurs publications et articles sp\u00e9cialis\u00e9s (\u00ab\u00a0Limpieza, Restauraci\u00f3n y Consolidaci\u00f3n del Puente de Toledo\u00a0\u00bb 1996, ISBN 84-86895-79-0, \u00ab\u00a0El Caballo de Bronce\u00a0\u00bb 1997, ainsi que les publications collectives des XI et XII Congresos de Conservaci\u00f3n y Restauraci\u00f3n de Bienes Culturales, 1996 et 1998).<\/p>\n\t\t\t\t<\/div>\n\t\t\t<\/div>\n\t\t<\/div>\n\t<\/div>\n<\/div>\n<div id=\"modal-style-8353-8710\" class=\"awsm-modal-item awsm-scale-anm awsm-modal-hidden awsm-all \" data-info=\"8710\">\n\t<div id=\"awsm-member-info-8353-8710\" class=\"awsm-modal-content\">\n\t\t<div class=\"awsm-modal-content-main\">\n\t\t\t<div class=\"awsm-image-main\">\n\t\t\t\t<img loading=\"lazy\" decoding=\"async\" width=\"134\" height=\"136\" src=\"https:\/\/coliving.media3w.com\/wp-content\/uploads\/xstore\/xstore-placeholder.png\" class=\"attachment-awsm_team size-awsm_team lazyload lazyload-simple et-lazyload-fadeIn wp-post-image\" alt=\"\" data-src=\"https:\/\/coliving.media3w.com\/wp-content\/uploads\/2016\/01\/ANGEL-HERNANDEZ-PERFIL-1-Imagen1-e1455964208256.jpg\" \/>\t\t\t<\/div>\n\t\t\t<div class=\"awsm-modal-details\">\n\t\t\t\t<div class=\"awsm-modal-content-inner\">\n\t\t\t\t\t<h3>Partenaire<\/h3><h2>D. \u00c1NGEL HERN\u00c1NDEZ ESPADA<\/h2><p>\u00c1ngel Hern\u00e1ndez Espada est n\u00e9 \u00e0 M\u00e9rida (Espagne) en mai 1961. Il est architecte \u00e0 l&rsquo;Escuela Superior de Arquitectura de Madrid ETSAM depuis juillet 1990 et membre du Colegio Oficial de Arquitectos de Madrid COAM depuis octobre 1990.<\/p>\n<p>Apr\u00e8s avoir travaill\u00e9 comme architecte dans de prestigieux cabinets d&rsquo;architecture \u00e0 Madrid, il a ouvert son propre cabinet professionnel \u00e0 Madrid en 1990 et, depuis lors, sans interruption, il a travaill\u00e9 comme architecte en dirigeant une grande \u00e9quipe professionnelle d&rsquo;architectes et d&rsquo;ing\u00e9nieurs. Au cours de sa longue carri\u00e8re, il a con\u00e7u et r\u00e9alis\u00e9 plus de 200 projets de b\u00e2timents de tous types, qu&rsquo;il s&rsquo;agisse de logements de luxe ou de logements sociaux, d&rsquo;h\u00f4tels et d&rsquo;appart-h\u00f4tels, de centres commerciaux, de centres universitaires, d&rsquo;\u00e9coles, de coll\u00e8ges, d&rsquo;universit\u00e9s, d&rsquo;immeubles de bureaux, de centres de soins et de sant\u00e9, de maisons de retraite, de b\u00e2timents industriels et d&rsquo;entreposage, etc. Beaucoup de ces projets de construction sont des projets de b\u00e2timents neufs et beaucoup d&rsquo;autres sont des projets de r\u00e9novation de b\u00e2timents et de monuments historiques, un domaine dans lequel il a une grande exp\u00e9rience. Il a \u00e9galement d\u00e9velopp\u00e9 plusieurs projets d&rsquo;urbanisme et de planification urbaine.<\/p>\n<p>Tous ces projets ont \u00e9t\u00e9 d\u00e9velopp\u00e9s et r\u00e9alis\u00e9s dans de nombreuses villes et r\u00e9gions d&rsquo;Espagne ainsi qu&rsquo;\u00e0 l&rsquo;\u00e9tranger.<\/p>\n<p>Tout au long de sa carri\u00e8re professionnelle, et en tant que soutien r\u00e9gulier aux clients, il a \u00e9galement exerc\u00e9 des activit\u00e9s professionnelles li\u00e9es \u00e0 la gestion urbaine et immobili\u00e8re des projets d\u00e9velopp\u00e9s, aupr\u00e8s d&rsquo;organismes publics et priv\u00e9s, ainsi que des activit\u00e9s r\u00e9guli\u00e8res en tant que chef de projet de nombreux projets, intervenant dans les processus de s\u00e9lection et d&rsquo;adjudication des entreprises de construction et des sous-traitants, dans le contr\u00f4le des d\u00e9lais et des co\u00fbts, dans le contr\u00f4le de la qualit\u00e9 de l&rsquo;ex\u00e9cution, etc.<\/p>\n<p>Outre son travail d&rsquo;architecte dans son propre studio d&rsquo;architecture et d&rsquo;urbanisme, il est directeur technique et directeur g\u00e9n\u00e9ral de plusieurs entreprises de construction et de d\u00e9veloppement, telles que Prodivesa, Herespa et les entreprises du groupe Jes\u00fas Hern\u00e1ndez, ainsi que de ses propres entreprises de d\u00e9veloppement et de gestion immobili\u00e8re.<\/p>\n<p>Il poss\u00e8de \u00e9galement une vaste exp\u00e9rience internationale en tant qu&rsquo;architecte, dans le d\u00e9veloppement d&rsquo;importants projets professionnels \u00e0 l&rsquo;\u00e9tranger, participant \u00e0 des projets en Espagne, au Portugal, en Roumanie, en Bulgarie, en Alg\u00e9rie, \u00e0 Duba\u00ef, en Zambie, au Mozambique, en Argentine, au P\u00e9rou, au Chili, au Mexique, \u00e0 Cuba,&#8230;<\/p>\n<p>Au cours de son activit\u00e9 professionnelle, il a eu l&rsquo;occasion de travailler en collaboration avec d&rsquo;importants architectes nationaux et \u00e9trangers et, depuis plusieurs ann\u00e9es, il travaille de mani\u00e8re stable sur de grands projets avec Jos\u00e9 M\u00aa Sendarrubias.<\/p>\n<p>Au cours des 20 derni\u00e8res ann\u00e9es, il a collabor\u00e9 r\u00e9guli\u00e8rement avec Jos\u00e9 M\u00aa Sendarrubias. Depuis 2010, ils partagent un bureau de projets et ont r\u00e9alis\u00e9 des projets de l&rsquo;importance de : Le remodelage du circuit Jarama, \u00e0 Madrid, le projet Eurasia \u00e0 Getafe, les r\u00e9habilitations int\u00e9grales des h\u00f4tels de Puerta del Sol, 1 et Gran V\u00eda, 31 \u00e0 Madrid, tous en Espagne ; le projet de r\u00e9habilitation int\u00e9grale du funiculaire de Valpara\u00edso, au Chili ; ou encore l&rsquo;\u00e9cole d&rsquo;h\u00f4tellerie et de restauration ESHRA, le cercle de garnison d&rsquo;Ain Naadja et l&rsquo;h\u00f4tel Royaume \u00e0 Alger, le complexe h\u00f4telier La Citadelle \u00e0 Biskra, ou le cercle r\u00e9gional de Blida, tous en Alg\u00e9rie. Plusieurs de ces projets ont \u00e9t\u00e9 prim\u00e9s, souvent dans le cadre de concours internationaux d&rsquo;architecture.<\/p>\n<p>M. \u00c1ngel Hern\u00e1ndez Espada est architecte dipl\u00f4m\u00e9 de la Escuela T\u00e9cnica Superior de Arquitectura de Madrid ETSAM (1990). Il a suivi les cours de doctorat en projets architecturaux \u00e0 la Escuela T\u00e9cnica Superior de Arquitectura de Madrid ETSAM (1995). Il a particip\u00e9 \u00e0 des expositions collectives \u00e0 S\u00e9ville, Rome et Milan, sur les projets de l&rsquo;Exposition internationale de S\u00e9ville (1987). Il a \u00e9galement suivi le cours international d&rsquo;architecture et d&rsquo;urbanisme \u00e0 S\u00e9ville (avec une bourse et s\u00e9lectionn\u00e9 par l&rsquo;Escuela T\u00e9cnica Superior de Arquitectura de Madrid, Banco de Bilbao et Junta de Andaluc\u00eda) (1986). Il a \u00e9galement suivi de nombreux cours de sp\u00e9cialisation en restauration monumentale, notamment le cours d&rsquo;arch\u00e9ologie et d&rsquo;architecture romaine de l&rsquo;universit\u00e9 Men\u00e9ndez Pelayo (s\u00e9minaire sp\u00e9cial \u00e0 M\u00e9rida (1984), et poss\u00e8de une vaste exp\u00e9rience dans ce type de travaux de restauration monumentale.<\/p>\n\t\t\t\t<\/div>\n\t\t\t<\/div>\n\t\t<\/div>\n\t<\/div>\n<\/div>\n<div id=\"modal-style-8353-8712\" class=\"awsm-modal-item awsm-scale-anm awsm-modal-hidden awsm-all \" data-info=\"8712\">\n\t<div id=\"awsm-member-info-8353-8712\" class=\"awsm-modal-content\">\n\t\t<div class=\"awsm-modal-content-main\">\n\t\t\t<div class=\"awsm-image-main\">\n\t\t\t\t<img loading=\"lazy\" decoding=\"async\" width=\"216\" height=\"216\" src=\"https:\/\/coliving.media3w.com\/wp-content\/uploads\/xstore\/xstore-placeholder-1x1.png\" class=\"attachment-awsm_team size-awsm_team lazyload lazyload-simple et-lazyload-fadeIn wp-post-image\" alt=\"\" data-src=\"https:\/\/coliving.media3w.com\/wp-content\/uploads\/2016\/01\/PAZ-HERNANDEZ-PERFIL-e1453459213266.jpg\" \/>\t\t\t<\/div>\n\t\t\t<div class=\"awsm-modal-details\">\n\t\t\t\t<div class=\"awsm-modal-content-inner\">\n\t\t\t\t\t<h3>Associ\u00e9<\/h3><h2>D\u00aa M\u00aa PAZ HERN\u00c1NDEZ DE BRIONES<\/h2><p>Architecte de l&rsquo;Escuela Superior de Arquitectura de Madrid ETSAM, depuis mars 1997. Collaboratrice r\u00e9guli\u00e8re de l&rsquo;architecte Jos\u00e9 M\u00aa Sendarrubias, elle est associ\u00e9e \u00e0 l&rsquo;Estudio SHARE depuis sa cr\u00e9ation.<\/p>\n<p>Elle poss\u00e8de une vaste exp\u00e9rience des projets de construction, principalement dans les domaines r\u00e9sidentiel et sportif. Elle est \u00e9galement sp\u00e9cialis\u00e9e dans l&rsquo;am\u00e9nagement paysager et le jardinage.<\/p>\n\t\t\t\t<\/div>\n\t\t\t<\/div>\n\t\t<\/div>\n\t<\/div>\n<\/div>\n\t\t\t\t<span class=\"awsm-team-link-control awsm-nav-item awsm-nav-right\"><\/span>\n\t\t\t   <\/div>\n\t\t<\/div>\n\t\t<\/div>\n\t<input type=\"hidden\" name=\"shortcode\" id=\"atb-shortcode\" value=8353 >\n<\/div>\n[\/vc_column_text][\/vc_column][\/vc_row][vc_row][vc_column][vc_empty_space height=\u00a0\u00bb64px\u00a0\u00bb][\/vc_column][\/vc_row][vc_row][vc_column][vc_column_text css_animation=\u00a0\u00bbfadeInLeft\u00a0\u00bb]<\/p>\n<h4>Architectes collaborateurs<\/h4>\n<p>[\/vc_column_text][vc_separator][vc_row_inner gap=\u00a0\u00bb10&Prime; _et_uniqid=\u00a0\u00bbet_custom_uniqid_new_6630cacfa5297&Prime;][vc_column_inner width=\u00a0\u00bb1\/3&Prime;][vc_column_text css_animation=\u00a0\u00bbfadeInDown\u00a0\u00bb]Ignacio Avil\u00e9s Su\u00e1rez<br \/>\nAlba Balmaseda Dom\u00ednguez<br \/>\nLuc\u00eda de Blas Noval<br \/>\nElena Carballo Espa\u00f1a<br \/>\nMiguel Carrizosa Fern\u00e1ndez-Mazarambroz<br \/>\nDaniel Clemente Jim\u00e9nez<br \/>\nJonatan Cid D\u00edez<br \/>\nPablo Correa[\/vc_column_text][\/vc_column_inner][vc_column_inner width=\u00a0\u00bb1\/3&Prime;][vc_column_text css_animation=\u00a0\u00bbfadeInDown\u00a0\u00bb]Laura Dom\u00ednguez Bl\u00e1zquez<br \/>\nAlmudena Fern\u00e1ndez de Gamarra<br \/>\nAntonio Garc\u00eda Mart\u00edn<br \/>\nV\u00edctor Garz\u00f3n Fern\u00e1ndez<br \/>\nJaime Guti\u00e9rrez Serrano<br \/>\nOscar Hern\u00e1ndez Tristancho<br \/>\nAndr\u00e9s Juste Hern\u00e1ndez<br \/>\nLuis Larrauri Rodriguez de Viguri[\/vc_column_text][\/vc_column_inner][vc_column_inner width=\u00a0\u00bb1\/3&Prime;][vc_column_text css_animation=\u00a0\u00bbfadeInDown\u00a0\u00bb]Andr\u00e9s Linares Mihi<br \/>\nAna Isabel L\u00f3pez Prieto<br \/>\nLuc\u00eda Mendoza Garc\u00eda Ochoa<br \/>\nGema Naharro Rodr\u00edguez<br \/>\nJavier Onrubia D\u00edaz<br \/>\nRaquel Osa Fern\u00e1ndez<br \/>\nAna P\u00e9rez Gonz\u00e1lez<br \/>\nJavier Ruiz Casado<br \/>\nJavier Valverde Rovirosa[\/vc_column_text][\/vc_column_inner][\/vc_row_inner][\/vc_column][\/vc_row][vc_row][vc_column][vc_empty_space height=\u00a0\u00bb64px\u00a0\u00bb][\/vc_column][\/vc_row][vc_row][vc_column][vc_column_text css_animation=\u00a0\u00bbfadeInLeft\u00a0\u00bb]<\/p>\n<h4>Architectes techniques<\/h4>\n<p>[\/vc_column_text][vc_separator][vc_row_inner][vc_column_inner][vc_column_text css_animation=\u00a0\u00bbfadeInDown\u00a0\u00bb]Miguel Carbajo de la Fuente<br \/>\n\u00c1lvaro Bermejo Gascue\u00f1a<br \/>\nMar\u00eda Jos\u00e9 Cabrera Gonz\u00e1lez[\/vc_column_text][\/vc_column_inner][\/vc_row_inner][\/vc_column][\/vc_row][vc_row][vc_column][vc_empty_space height=\u00a0\u00bb64px\u00a0\u00bb][\/vc_column][\/vc_row][vc_row][vc_column][vc_column_text css_animation=\u00a0\u00bbfadeInLeft\u00a0\u00bb]<\/p>\n<h4>Secr\u00e9tariat, administration et gestion<\/h4>\n<p>[\/vc_column_text][vc_separator][vc_row_inner][vc_column_inner][vc_column_text css_animation=\u00a0\u00bbfadeInDown\u00a0\u00bb]Marta P\u00e9rez Sendarrubias[\/vc_column_text][\/vc_column_inner][\/vc_row_inner][\/vc_column][\/vc_row][vc_row][vc_column][vc_empty_space height=\u00a0\u00bb64px\u00a0\u00bb][\/vc_column][\/vc_row][vc_row gap=\u00a0\u00bb20&Prime; _et_uniqid=\u00a0\u00bbet_custom_uniqid_new_6630cac57608e\u00a0\u00bb][vc_column width=\u00a0\u00bb1\/2&Prime;][vc_column_text css_animation=\u00a0\u00bbfadeInLeft\u00a0\u00bb]<\/p>\n<h2>\u00c9quipes de collaboration externes<\/h2>\n<p>[\/vc_column_text][vc_separator][vc_row_inner][vc_column_inner][vc_column_text css_animation=\u00a0\u00bbslideInDown\u00a0\u00bb]<span style=\"font-size: 14pt;\">Jes\u00fas Jim\u00e9nez Ca\u00f1as y Asociados (Calcul des structures)<\/span><br \/>\n<a href=\"http:\/\/www.grupoargenia.com\">ARGENIA INGENIER\u00cdA Y ARQUITECTURA (Calcul des structures et des installations)<\/a><br \/>\n<a href=\"http:\/\/www.metricaminima.com\"><span style=\"font-size: 14pt;\">M\u00c9TRICA M\u00cdNIMA <\/span><\/a><a href=\"http:\/\/www.metricaminima.com\">(Atelier mod\u00e8le)<\/a>[\/vc_column_text][\/vc_column_inner][\/vc_row_inner][\/vc_column][vc_column width=\u00a0\u00bb1\/2&Prime;][vc_column_text css_animation=\u00a0\u00bbfadeInLeft\u00a0\u00bb]<\/p>\n<h2>\u00c9quipes de collaboration internationale<\/h2>\n<p>[\/vc_column_text][vc_separator][vc_row_inner][vc_column_inner][vc_column_text css_animation=\u00a0\u00bbfadeInDown\u00a0\u00bb]<strong>PARTENAIRES EN GEORGIE<\/strong><br \/>\nSB ENGINEERING, S.L.C.[\/vc_column_text][vc_column_text css_animation=\u00a0\u00bbfadeInDown\u00a0\u00bb]<strong>COLLABORATEUR EN BOLIVIE<\/strong><br \/>\nGENERGIA SRL[\/vc_column_text][vc_column_text css_animation=\u00a0\u00bbfadeInDown\u00a0\u00bb]<strong>PARTENAIRE EN ALGERIE<\/strong><br \/>\nMohamed Bouderka (Ing\u00e9nieur en b\u00e2timent)[\/vc_column_text][\/vc_column_inner][\/vc_row_inner][\/vc_column][\/vc_row]<\/p>\n<\/div>","protected":false},"excerpt":{"rendered":"<p>[vc_row][vc_column][vc_column_text] PARTENAIRES ET ASSOCI\u00c9S [\/vc_column_text][vc_separator][vc_column_text][\/vc_column_text][\/vc_column][\/vc_row][vc_row][vc_column][vc_empty_space height=\u00a0\u00bb64px\u00a0\u00bb][\/vc_column][\/vc_row][vc_row][vc_column][vc_column_text css_animation=\u00a0\u00bbfadeInLeft\u00a0\u00bb] Architectes collaborateurs [\/vc_column_text][vc_separator][vc_row_inner gap=\u00a0\u00bb10&Prime; _et_uniqid=\u00a0\u00bbet_custom_uniqid_new_6630cacfa5297&Prime;][vc_column_inner width=\u00a0\u00bb1\/3&Prime;][vc_column_text css_animation=\u00a0\u00bbfadeInDown\u00a0\u00bb]Ignacio Avil\u00e9s Su\u00e1rez Alba Balmaseda Dom\u00ednguez Luc\u00eda de Blas Noval Elena Carballo&#8230;<\/p>\n","protected":false},"author":3,"featured_media":-3,"parent":0,"menu_order":1,"comment_status":"closed","ping_status":"closed","template":"","meta":{"rs_blank_template":"","rs_page_bg_color":"","slide_template_v7":"","footnotes":""},"wf_page_folders":[],"class_list":["post-8633","page","type-page","status-publish","has-post-thumbnail","hentry"],"acf":[],"_links":{"self":[{"href":"https:\/\/coliving.media3w.com\/fr\/wp-json\/wp\/v2\/pages\/8633","targetHints":{"allow":["GET"]}}],"collection":[{"href":"https:\/\/coliving.media3w.com\/fr\/wp-json\/wp\/v2\/pages"}],"about":[{"href":"https:\/\/coliving.media3w.com\/fr\/wp-json\/wp\/v2\/types\/page"}],"author":[{"embeddable":true,"href":"https:\/\/coliving.media3w.com\/fr\/wp-json\/wp\/v2\/users\/3"}],"replies":[{"embeddable":true,"href":"https:\/\/coliving.media3w.com\/fr\/wp-json\/wp\/v2\/comments?post=8633"}],"version-history":[{"count":2,"href":"https:\/\/coliving.media3w.com\/fr\/wp-json\/wp\/v2\/pages\/8633\/revisions"}],"predecessor-version":[{"id":8638,"href":"https:\/\/coliving.media3w.com\/fr\/wp-json\/wp\/v2\/pages\/8633\/revisions\/8638"}],"wp:featuredmedia":[{"embeddable":true,"href":"https:\/\/coliving.media3w.com\/fr\/wp-json\/"}],"wp:attachment":[{"href":"https:\/\/coliving.media3w.com\/fr\/wp-json\/wp\/v2\/media?parent=8633"}],"wp:term":[{"taxonomy":"wf_page_folders","embeddable":true,"href":"https:\/\/coliving.media3w.com\/fr\/wp-json\/wp\/v2\/wf_page_folders?post=8633"}],"curies":[{"name":"wp","href":"https:\/\/api.w.org\/{rel}","templated":true}]}}