{"id":8658,"date":"2015-12-06T17:46:39","date_gmt":"2015-12-06T16:46:39","guid":{"rendered":"https:\/\/coliving.media3w.com\/asesoramiento-urbanistico\/"},"modified":"2024-06-12T13:18:37","modified_gmt":"2024-06-12T11:18:37","slug":"conseils-en-matiere-durbanisme","status":"publish","type":"page","link":"https:\/\/coliving.media3w.com\/fr\/activites-et-services\/conseils-en-matiere-durbanisme\/","title":{"rendered":"Conseils en mati\u00e8re d&rsquo;urbanisme"},"content":{"rendered":"<div class=\"wpb-content-wrapper\"><p>[vc_row][vc_column]\n\t\t\t\t<p class=\"rs-p-wp-fix\"><\/p>\n\t\t\t\t<sr7-module data-alias=\"projects-modal2-backup-1\" data-id=\"18\" id=\"modaltop\" data-version=\"7.0.7.1\">\n\t\t\t\t\t<sr7-adjuster><\/sr7-adjuster>\n\t\t\t\t\t<sr7-content>\n\t\t\t\t\t\t<sr7-slide id=\"modaltop-91STR1\" data-key=\"91STR1\">\n\t\t\t\t\t\t\t<sr7-txt id=\"modaltop-91STR1-0\" class=\"sr7-layer\">Conseils en mati\u00e8re d'urbanisme<\/sr7-txt>\n\t\t\t\t\t\t<\/sr7-slide>\n\t\t\t\t\t\t<sr7-slide id=\"modaltop-97\" data-key=\"97\">\n\t\t\t\t\t\t<\/sr7-slide>\n\t\t\t\t\t<\/sr7-content>\n\t\t\t\t\t<image_lists style=\"display:none\">\n\t\t\t\t\t\t<img data-src=\"\/\/coliving.media3w.com\/wp-content\/uploads\/revslider\/o\/18\/7b933f0c0baae2239aa71cb96fff4129.webp\" data-libid=\"8287\" title=\"project311.jpg\" width=\"0\" height=\"0\" data-dbsrc=\"Ly9jb2xpdmluZy5tZWRpYTN3LmNvbS93cC1jb250ZW50L3VwbG9hZHMvcmV2c2xpZGVyL3Byb2plY3RzLW1vZGFsLTIvcHJvamVjdDMxMS5qcGc=\"\/>\n\t\t\t\t\t\t<img data-src=\"\/\/coliving.media3w.com\/wp-content\/uploads\/revslider\/o\/18\/b415656c3101ca4b9a675b7de5ea60ef.webp\" data-libid=\"8293\" title=\"project411.jpg\" width=\"0\" height=\"0\" data-dbsrc=\"Ly9jb2xpdmluZy5tZWRpYTN3LmNvbS93cC1jb250ZW50L3VwbG9hZHMvcmV2c2xpZGVyL3Byb2plY3RzLW1vZGFsLTIvcHJvamVjdDQxMS5qcGc=\"\/>\n\t\t\t\t\t\t<img data-src=\"\/\/coliving.media3w.com\/wp-content\/uploads\/revslider\/o\/18\/ed05013eaa7de8eeb1de9114de9bb89b.webp\" data-libid=\"8317\" title=\"slide-11.jpg\" width=\"0\" height=\"0\" data-dbsrc=\"Ly9jb2xpdmluZy5tZWRpYTN3LmNvbS93cC1jb250ZW50L3VwbG9hZHMvcmV2c2xpZGVyL3Byb2plY3RzLW1vZGFsLTIvc2xpZGUtMTEuanBn\"\/>\n\t\t\t\t\t\t<img data-src=\"\/\/coliving.media3w.com\/wp-content\/uploads\/2024\/05\/plan-2023-11-27-05-13-46-utc-scaled.jpg\" width=\"0\" height=\"0\" data-dbsrc=\"Ly9jb2xpdmluZy5tZWRpYTN3LmNvbS93cC1jb250ZW50L3VwbG9hZHMvMjAyNC8wNS9wbGFuLTIwMjMtMTEtMjctMDUtMTMtNDYtdXRjLXNjYWxlZC5qcGc=\"\/>\n\t\t\t\t\t<\/image_lists>\n\t\t\t\t<\/sr7-module>\n\t\t\t\t<script>\n\t\t\t\t\twindow.SR7??={}; SR7.PMH ??={}; SR7.PMH[\"modaltop\"] = {cn:100,state:false,fn: function() { if (window._tpt!==undefined && window._tpt.prepareModuleHeight !== undefined) {  _tpt.prepareModuleHeight({id:\"modaltop\",el:[1040,1040,1437,1170,720],type:'standard',gh:[900,900,768,960,720],gw:[1240,1240,1024,778,480],vpt:['200px&#039;,&#039;200px&#039;,&#039;200px&#039;,&#039;200px&#039;,&#039;200px'],size:{fullWidth:true, fullHeight:false},mh:'0',onh:0,onw:0,bg:{color:'{\"type\":\"solid\",\"orig\":\"#efebe6\",\"string\":\"rgba(239, 235, 230, 1)\"}'},plType:'5',plColor:'#FFFFFF'});   SR7.PMH[\"modaltop\"].state=true;} else if(SR7.PMH[\"modaltop\"].cn-->0)\tsetTimeout( SR7.PMH[\"modaltop\"].fn,19);}};SR7.PMH[\"modaltop\" ].fn();\n\t\t\t\t<\/script>\n[\/vc_column][\/vc_row][vc_row full_width=\u00a0\u00bbstretch_row\u00a0\u00bb gap=\u00a0\u00bb25&Prime; equal_height=\u00a0\u00bbyes\u00a0\u00bb bg_type=\u00a0\u00bbbg_color\u00a0\u00bb _et_uniqid=\u00a0\u00bbet_custom_uniqid_new_663a19779bf1a\u00a0\u00bb bg_color_value=\u00a0\u00bb#efebe6&Prime; css=\u00a0\u00bb.vc_custom_1715083649168{background-color: #efebe6 !important;}\u00a0\u00bb][vc_column width=\u00a0\u00bb2\/3&Prime; _et_uniqid=\u00a0\u00bbet_custom_uniqid_new_663a14b7ce98c\u00a0\u00bb][vc_column_text]<\/p>\n<h3><span style=\"color: #009bdb;\">Conseils en mati\u00e8re d&rsquo;urbanisme<\/span><\/h3>\n<p>[\/vc_column_text][vc_separator color=\u00a0\u00bbblack\u00a0\u00bb][vc_column_text]<span style=\"color: #05151b;\">Conseil et gestion des proc\u00e9dures d&rsquo;urbanisme aupr\u00e8s des diff\u00e9rentes administrations et institutions impliqu\u00e9es dans les processus de gestion et d&rsquo;am\u00e9nagement du territoire, du d\u00e9but \u00e0 la fin (consultations d&rsquo;urbanisme, demandes de rapports, analyse des param\u00e8tres d&rsquo;urbanisme, analyse des lois et r\u00e8glements, rapports juridiques, traitement des projets et des dossiers, demande de permis et de licences, etc.) Egalement dans le traitement des permis de construire et d&rsquo;exploitation pour tout type de b\u00e2timent (permis et licences de construction, permis et licences d&rsquo;activit\u00e9, permis d&rsquo;exploitation et\/ou d&rsquo;occupation, etc.)<\/span><\/p>\n<p><span style=\"color: #05151b;\">ainsi que dans la gestion et le traitement des dossiers avec les entreprises de fournitures et les institutions publiques ou priv\u00e9es qui sont tenues de respecter ce type de proc\u00e9dure.<\/span><\/p>\n<p><span style=\"color: #05151b;\">Pour ce faire, SHARE dispose d&rsquo;architectes et d&rsquo;ing\u00e9nieurs professionnels, sp\u00e9cialis\u00e9s dans ces disciplines et disposant d&rsquo;une grande exp\u00e9rience dans ces proc\u00e9dures, afin d&rsquo;assurer le succ\u00e8s des proc\u00e9dures dans les d\u00e9lais impartis.<\/span>[\/vc_column_text][\/vc_column][vc_column width=\u00a0\u00bb1\/3&Prime;][vc_column_text]<\/p>\n<h3><span style=\"color: #009bdb;\">SERVICES<\/span><\/h3>\n<p>[\/vc_column_text][vc_column_text]<\/p>\n<ul>\n<li><span style=\"color: #05151b;\"><a style=\"color: #05151b;\" href=\"https:\/\/coliving.media3w.com\/fr\/activites-et-services\/projets-darchitecture-et-durbanisme\/\">Projets d&rsquo;architecture et d&rsquo;urbanisme<\/a><\/span><\/li>\n<li><span style=\"color: #05151b;\"><a style=\"color: #05151b;\" href=\"https:\/\/coliving.media3w.com\/fr\/activites-et-services\/developpement-de-lingenierie-du-batiment\/\">D\u00e9veloppement de l&rsquo;ing\u00e9nierie du b\u00e2timent<\/a><\/span><\/li>\n<li><span style=\"color: #05151b;\"><a style=\"color: #05151b;\" href=\"https:\/\/coliving.media3w.com\/fr\/activites-et-services\/gestion-de-projet\/\">Gestion de projet<\/a><\/span><\/li>\n<li><span style=\"color: #05151b;\"><a style=\"color: #05151b;\" href=\"https:\/\/coliving.media3w.com\/fr\/activites-et-services\/conseils-en-matiere-durbanisme\/\">Conseils en mati\u00e8re d&rsquo;urbanisme<\/a><\/span><\/li>\n<li><span style=\"color: #05151b;\"><a style=\"color: #05151b;\" href=\"https:\/\/coliving.media3w.com\/fr\/activites-et-services\/gestion-immobiliere\/\">Gestion immobili\u00e8re<\/a><\/span><\/li>\n<li><span style=\"color: #05151b;\"><a style=\"color: #05151b;\" href=\"https:\/\/coliving.media3w.com\/fr\/activites-et-services\/conseils-en-matiere-dinvestissement-immobilier\/\">Conseils en mati\u00e8re d&rsquo;investissement immobilier<\/a><\/span><\/li>\n<\/ul>\n<p>[\/vc_column_text][\/vc_column][\/vc_row]<\/p>\n<\/div>","protected":false},"excerpt":{"rendered":"<p>[vc_row][vc_column][\/vc_column][\/vc_row][vc_row full_width=\u00a0\u00bbstretch_row\u00a0\u00bb gap=\u00a0\u00bb25&Prime; equal_height=\u00a0\u00bbyes\u00a0\u00bb bg_type=\u00a0\u00bbbg_color\u00a0\u00bb _et_uniqid=\u00a0\u00bbet_custom_uniqid_new_663a19779bf1a\u00a0\u00bb bg_color_value=\u00a0\u00bb#efebe6&Prime; css=\u00a0\u00bb.vc_custom_1715083649168{background-color: #efebe6 !important;}\u00a0\u00bb][vc_column width=\u00a0\u00bb2\/3&Prime; _et_uniqid=\u00a0\u00bbet_custom_uniqid_new_663a14b7ce98c\u00a0\u00bb][vc_column_text] Conseils en mati\u00e8re d&rsquo;urbanisme [\/vc_column_text][vc_separator color=\u00a0\u00bbblack\u00a0\u00bb][vc_column_text]Conseil et gestion des proc\u00e9dures d&rsquo;urbanisme aupr\u00e8s des&#8230;<\/p>\n","protected":false},"author":3,"featured_media":8429,"parent":8716,"menu_order":4,"comment_status":"closed","ping_status":"closed","template":"","meta":{"rs_blank_template":"","rs_page_bg_color":"","slide_template_v7":"","footnotes":""},"wf_page_folders":[],"class_list":["post-8658","page","type-page","status-publish","has-post-thumbnail","hentry"],"acf":[],"_links":{"self":[{"href":"https:\/\/coliving.media3w.com\/fr\/wp-json\/wp\/v2\/pages\/8658","targetHints":{"allow":["GET"]}}],"collection":[{"href":"https:\/\/coliving.media3w.com\/fr\/wp-json\/wp\/v2\/pages"}],"about":[{"href":"https:\/\/coliving.media3w.com\/fr\/wp-json\/wp\/v2\/types\/page"}],"author":[{"embeddable":true,"href":"https:\/\/coliving.media3w.com\/fr\/wp-json\/wp\/v2\/users\/3"}],"replies":[{"embeddable":true,"href":"https:\/\/coliving.media3w.com\/fr\/wp-json\/wp\/v2\/comments?post=8658"}],"version-history":[{"count":4,"href":"https:\/\/coliving.media3w.com\/fr\/wp-json\/wp\/v2\/pages\/8658\/revisions"}],"predecessor-version":[{"id":8728,"href":"https:\/\/coliving.media3w.com\/fr\/wp-json\/wp\/v2\/pages\/8658\/revisions\/8728"}],"up":[{"embeddable":true,"href":"https:\/\/coliving.media3w.com\/fr\/wp-json\/wp\/v2\/pages\/8716"}],"wp:featuredmedia":[{"embeddable":true,"href":"https:\/\/coliving.media3w.com\/fr\/wp-json\/wp\/v2\/media\/8429"}],"wp:attachment":[{"href":"https:\/\/coliving.media3w.com\/fr\/wp-json\/wp\/v2\/media?parent=8658"}],"wp:term":[{"taxonomy":"wf_page_folders","embeddable":true,"href":"https:\/\/coliving.media3w.com\/fr\/wp-json\/wp\/v2\/wf_page_folders?post=8658"}],"curies":[{"name":"wp","href":"https:\/\/api.w.org\/{rel}","templated":true}]}}