{"id":8683,"date":"2015-12-06T17:35:22","date_gmt":"2015-12-06T16:35:22","guid":{"rendered":"https:\/\/coliving.media3w.com\/datos-relevantes\/"},"modified":"2024-06-11T17:18:36","modified_gmt":"2024-06-11T15:18:36","slug":"donnees-pertinentes","status":"publish","type":"page","link":"https:\/\/coliving.media3w.com\/fr\/donnees-pertinentes\/","title":{"rendered":"Donn\u00e9es pertinentes"},"content":{"rendered":"<div class=\"wpb-content-wrapper\"><p>[vc_row][vc_column width=\u00a0\u00bb1\/2&Prime; css=\u00a0\u00bb.vc_custom_1449529345051{margin-left: -15px !important;}\u00a0\u00bb][vc_column_text]<\/p>\n<h4>PRIX D&rsquo;ARCHITECTURE<\/h4>\n<p>[\/vc_column_text][vc_separator][vc_column_text]2015 : XXIX PRIX MACAEL<\/p>\n<p>Prix international de l&rsquo;Afrique<\/p>\n<p>\u00c9cole sup\u00e9rieure d&rsquo;h\u00f4tellerie et de restauration d&rsquo;Alger, ESHRA<\/p>\n<p>2007 : XXI PRIX MACAEL<\/p>\n<p>Meilleure r\u00e9alisation en Espagne<\/p>\n<p>Complexe r\u00e9sidentiel de luxe Embrujo Ban\u00fas \u00e0 Marbella, Malaga<\/p>\n<p>2005 : PRIX INTERNATIONAL DU JARDINAGE DE LA COSTA DEL SOL<\/p>\n<p>Meilleurs jardins d&rsquo;Espagne<\/p>\n<p>Jardins du complexe r\u00e9sidentiel Embrujo Playa \u00e0 Marbella, M\u00e1laga<\/p>\n<p>1996 : PRIX D&rsquo;ARCHITECTURE DE LA MAIRIE DE MADRID<\/p>\n<p>Prix de la meilleure r\u00e9habilitation monumentale<\/p>\n<p>R\u00e9habilitation int\u00e9grale du pont Puente de Toledo \u00e0 Madrid<\/p>\n<p>[\/vc_column_text][vc_separator style=\u00a0\u00bbdouble\u00a0\u00bb][vc_column_text]<\/p>\n<h4>CONCOURS D&rsquo;ARCHITECTURE R\u00c9COMPENS\u00c9S<\/h4>\n<p>[\/vc_column_text][vc_separator][vc_tta_accordion active_section=\u00a0\u00bb999&Prime; no_fill=\u00a0\u00bbtrue\u00a0\u00bb collapsible_all=\u00a0\u00bbtrue\u00a0\u00bb][vc_tta_section title=\u00a0\u00bbConcours attribu\u00e9s en 2015&Prime; tab_id=\u00a0\u00bb1714131251773-ccfca800-f6d9&Prime;][vc_column_text]2015 : CONCOURS INTERNATIONAL ALG\u00c9RIE<\/p>\n<p>Projet Concours<\/p>\n<p>Complexe thermal de cat\u00e9gorie (IV) \u00e9toiles \u00e0 Hamman Debah pour 200 appartements et des espaces et services communs de sport et de restauration, en Alg\u00e9rie.<\/p>\n<p>Client : DPRIS (Minist\u00e8re alg\u00e9rien de la D\u00e9fense Nationale)<\/p>\n<p>2015 : CONCOURS INTERNATIONAL ALGERIE<\/p>\n<p>Concours de conception et de construction<\/p>\n<p>Cercle de garnison cat\u00e9gorie (III) \u00e9toiles d&rsquo;Ain Naadja, pour 49 chambres et 16 appartements et des services et espaces communs, en Alg\u00e9rie.<\/p>\n<p>Ma\u00eetre d&rsquo;ouvrage : DPRIS (Minist\u00e8re de la D\u00e9fense Nationale d&rsquo;Alg\u00e9rie)<\/p>\n<p>Entreprise de construction : MIMKO (Turquie)<\/p>\n<p>[\/vc_column_text][\/vc_tta_section][vc_tta_section title=\u00a0\u00bbConcours attribu\u00e9s en 2014&Prime; tab_id=\u00a0\u00bb1714131251787-f83af3ab-5b78&Prime;][vc_column_text]2014 : CONCOURS INTERNATIONAL ALG\u00c9RIE<\/p>\n<p>Concours de conception et de construction<\/p>\n<p>Cercle r\u00e9gional de Blida, cat\u00e9gorie (IV) \u00e9toiles pour 99 chambres et services et espaces communs, en Alg\u00e9rie.<\/p>\n<p>Ma\u00eetre d&rsquo;ouvrage : DPRIS (Minist\u00e8re alg\u00e9rien de la d\u00e9fense nationale)<\/p>\n<p>Entreprise de construction : MIMKO (Turquie)<\/p>\n<p>2014 : CONCOURS NATIONAL ALGERIE<\/p>\n<p>Projet Concours<\/p>\n<p>\u00c9cole nationale sup\u00e9rieure de tourisme et r\u00e9sidences pour \u00e9tudiants \u00e0 Tipaza, Alg\u00e9rie.<\/p>\n<p>Ma\u00eetre d&rsquo;ouvrage : Minist\u00e8re du Tourisme et de l&rsquo;Artisanat d&rsquo;Alg\u00e9rie.<\/p>\n<p>En consortium avec : Mahgoun-Mihoubi Architectes (Alg\u00e9rie)<\/p>\n<p>2014 : CONCOURS NATIONAL RESTREINT ESPAGNE<\/p>\n<p>Concours du projet<\/p>\n<p>R\u00e9am\u00e9nagement et extension du circuit de Jarama \u00e0 Madrid, Espagne.<\/p>\n<p>Client : Royal Automobile Club d&rsquo;Espagne (RACE)<\/p>\n<p>[\/vc_column_text][\/vc_tta_section][vc_tta_section title=\u00a0\u00bbConcours attribu\u00e9s avant 2014&Prime; tab_id=\u00a0\u00bb1714131312996-3cb9371d-7c9b\u00a0\u00bb][vc_column_text]2013 : CONCOURS INTERNATIONAL CHILE<\/p>\n<p>Concours de projets<\/p>\n<p>R\u00e9habilitation et restauration int\u00e9grale du funiculaire El Peral \u00e0 Valpara\u00edso, Chili.<\/p>\n<p>Client : Secr\u00e9tariat du D\u00e9veloppement R\u00e9gional du Chili SUDERE<\/p>\n<p>En consortium avec : Ingenier\u00eda PEYCO (Espagne)<\/p>\n<p>2007 : CONCOURS INTERNATIONAL RESTREINT ESPAGNE<\/p>\n<p>Projet de restructuration pour la construction d&rsquo;un centre commercial et d&rsquo;affaires dans les ar\u00e8nes de Puerto Banus.<\/p>\n<p>Client : SOC. Ar\u00e8nes de Puerto Ban\u00fas<\/p>\n<p>2002 : CONCOURS NATIONAL ESPAGNE<\/p>\n<p>Concours de projets et travaux<\/p>\n<p>R\u00e9habilitation des fa\u00e7ades de l&rsquo;h\u00f4pital de la Princesa \u00e0 Madrid, Espagne.<\/p>\n<p>Client : Minist\u00e8re espagnol de la sant\u00e9<\/p>\n<p>Entreprise de construction : ISOLUX WAT (Espagne)<\/p>\n<p>1996 : CONCOURS NATIONAL ESPAGNE<\/p>\n<p>Concours de conception et de travaux<\/p>\n<p>R\u00e9habilitation int\u00e9grale du pont de Tol\u00e8de \u00e0 Madrid<\/p>\n<p>Ma\u00eetre d&rsquo;ouvrage : Mairie de Madrid<\/p>\n<p>Entreprise de construction : CONDISA GRUPO ORTIZ (Espagne)<\/p>\n<p>[\/vc_column_text][\/vc_tta_section][\/vc_tta_accordion][\/vc_column][vc_column width=\u00a0\u00bb1\/2&Prime; el_class=\u00a0\u00bbPRINCIPALES MAGNITUDES\u00a0\u00bb][vc_column_text]<\/p>\n<h4>CHIFFRES PRINCIPAUX<\/h4>\n<p>[\/vc_column_text][vc_separator][vc_column_text]R\u00e9sum\u00e9 des projets r\u00e9alis\u00e9s par les architectes Jos\u00e9 M Sendarrubias et \u00c1ngel Hern\u00e1ndez Espada tout au long de leur carri\u00e8re professionnelle:[\/vc_column_text][vc_tta_accordion active_section=\u00a0\u00bb999&Prime; no_fill=\u00a0\u00bbtrue\u00a0\u00bb collapsible_all=\u00a0\u00bbtrue\u00a0\u00bb][vc_tta_section title=\u00a0\u00bbProjets d&rsquo;architecture:\u00a0\u00bb tab_id=\u00a0\u00bb1714122044826-9f384168-725b\u00a0\u00bb][vc_column_text]<\/p>\n<ul>\n<li>Projets achev\u00e9s : plus de 250<\/li>\n<li>M2 de surface \u00e9quivalente de b\u00e2timent : 2 000 000 m2<\/li>\n<li>Concours soumis : environ 40<\/li>\n<li>Concours remport\u00e9s : 9<\/li>\n<li>Prix d&rsquo;architecture remport\u00e9s : 4<\/li>\n<\/ul>\n<p>[\/vc_column_text][\/vc_tta_section][vc_tta_section title=\u00a0\u00bbProjets d&rsquo;urbanisme et d&rsquo;am\u00e9nagement du territoire:\u00a0\u00bb tab_id=\u00a0\u00bb1714122044839-3d266232-5cd6&Prime;][vc_column_text]<\/p>\n<ul>\n<li>Projets achev\u00e9s : 20<\/li>\n<li>M2 d\u00e9velopp\u00e9 : 14.710.611 m2<\/li>\n<\/ul>\n<p>[\/vc_column_text][\/vc_tta_section][vc_tta_section title=\u00a0\u00bbGestion de projet:\u00a0\u00bb tab_id=\u00a0\u00bb1714122142293-ceccc689-5fb4&Prime;][vc_column_text]<\/p>\n<ul>\n<li>Projets coordonn\u00e9s : 12<\/li>\n<li>M2 de b\u00e2timents \u00e9quivalents : 110 000 m2<\/li>\n<\/ul>\n<p>[\/vc_column_text][\/vc_tta_section][\/vc_tta_accordion][vc_column_text]<\/p>\n<h4>PROJETS ET TRAVAUX R\u00c9CENTS<\/h4>\n<p>[\/vc_column_text][vc_separator][vc_text_separator title=\u00a0\u00bb2015&Prime; title_align=\u00a0\u00bbseparator_align_left\u00a0\u00bb][vc_tta_accordion active_section=\u00a0\u00bb999&Prime; no_fill=\u00a0\u00bbtrue\u00a0\u00bb collapsible_all=\u00a0\u00bbtrue\u00a0\u00bb][vc_tta_section title=\u00a0\u00bbProjets r\u00e9alis\u00e9s par SHARE en 2015:\u00a0\u00bb tab_id=\u00a0\u00bb1714130906711-5698dcbf-d08d\u00a0\u00bb][vc_column_text]<\/p>\n<ul>\n<li>Projet de r\u00e9novation et d&rsquo;agrandissement du circuit de Jarama \u00e0 Madrid (Espagne). 1\u00e8re phase : Tour de contr\u00f4le. Gestion technique et r\u00e9ception des travaux.<br \/>\nProjet de si\u00e8ge pour Enahar TV en Alg\u00e9rie. Phases pr\u00e9liminaires et de base du projet.<br \/>\nProjet pour le Cercle de Garnison de Ain Naadja \u00e0 Alger (Alg\u00e9rie), pour 70 chambres et 20 appartements, cat\u00e9gorie 4 \u00e9toiles. Phase d&rsquo;avant-projet.<br \/>\nRapport de faisabilit\u00e9 et \u00e9tude d&rsquo;options pour la Marina Oued el Harrach \u00e0 Alger (Alg\u00e9rie). Soci\u00e9t\u00e9 d&rsquo;investissement h\u00f4telier, S.I.H.<\/li>\n<\/ul>\n<p>[\/vc_column_text][\/vc_tta_section][vc_tta_section title=\u00a0\u00bbConcours soumis par SHARE au cours de l&rsquo;ann\u00e9e 2015:\u00a0\u00bb tab_id=\u00a0\u00bb1714130906720-321e9ab2-7176&Prime;][vc_column_text]<\/p>\n<ul>\n<li>Appel d&rsquo;offres restreint international pour la construction d&rsquo;un h\u00f4tel de thalassoth\u00e9rapie de 300 chambres \u00e0 Alger (Alg\u00e9rie). Soci\u00e9t\u00e9 d&rsquo;investissement h\u00f4telier, S.I.H.<\/li>\n<li>Appel d&rsquo;offres international restreint pour la construction d&rsquo;un centre commercial \u00e0 Oran (Alg\u00e9rie). Soci\u00e9t\u00e9 d&rsquo;Investissements Hoteliers, S.I.H.<\/li>\n<li>Appel d&rsquo;offres international restreint pour la construction d&rsquo;un complexe r\u00e9sidentiel de luxe de 120 appartements \u00e0 Oran (Alg\u00e9rie). Soci\u00e9t\u00e9 d&rsquo;investissement h\u00f4telier, S.I.H.<\/li>\n<li>Concours d&rsquo;id\u00e9es restreint pour la r\u00e9forme int\u00e9grale, fonctionnelle et \u00e9nerg\u00e9tique de l&rsquo;immeuble de logements \u00ab\u00a0Lagos Park\u00a0\u00bb \u00e0 Galapagar (Madrid) pour le promoteur immobilier IKASA.<\/li>\n<\/ul>\n<p>[\/vc_column_text][\/vc_tta_section][vc_tta_section title=\u00a0\u00bbProjets en cours de d\u00e9veloppement en 2015:\u00a0\u00bb tab_id=\u00a0\u00bb1714130986912-4a7d5d19-a9c4&Prime;][vc_column_text]<\/p>\n<ul>\n<li>Projet pour le complexe h\u00f4telier de 168 chambres et 29 bungalows, cat\u00e9gorie 4 \u00e9toiles, La Citadelle \u00e0 Biskra, (Alg\u00e9rie). Phases d&rsquo;ex\u00e9cution.<\/li>\n<li>Projet de l&rsquo;h\u00f4tel Royaume de 100 chambres, cat\u00e9gorie 4 \u00e9toiles, \u00e0 Alger (Alg\u00e9rie). Phase d&rsquo;ex\u00e9cution.<\/li>\n<li>Projet pour le Cercle R\u00e9gional de Blida (Alg\u00e9rie), pour 90 chambres, cat\u00e9gorie 4 \u00e9toiles. Phases du Projet d&rsquo;Installations et du<\/li>\n<li>Projet de D\u00e9coration et VRD.<\/li>\n<li>Projet du Cercle de Garnison de Ain Naadja \u00e0 Alger (Alg\u00e9rie), pour 70 chambres et 20 appartements, cat\u00e9gorie 4 \u00e9toiles. Phase de base du projet.<\/li>\n<\/ul>\n<p>[\/vc_column_text][\/vc_tta_section][\/vc_tta_accordion][vc_text_separator title=\u00a0\u00bb2014&Prime; title_align=\u00a0\u00bbseparator_align_left\u00a0\u00bb][vc_tta_accordion active_section=\u00a0\u00bb999&Prime; no_fill=\u00a0\u00bbtrue\u00a0\u00bb collapsible_all=\u00a0\u00bbtrue\u00a0\u00bb][vc_tta_section title=\u00a0\u00bbProjets r\u00e9alis\u00e9s par SHARE en 2014:\u00a0\u00bb tab_id=\u00a0\u00bb1714131072534-ce203d1e-d98a\u00a0\u00bb][vc_column_text]<\/p>\n<ul>\n<li>Projet de r\u00e9novation et d&rsquo;agrandissement du circuit de Jarama \u00e0 Madrid (Espagne). 1\u00e8re phase : Tour de contr\u00f4le et b\u00e2timents annexes de restauration et de services. Projet pr\u00e9liminaire, projet de base et projet d&rsquo;ex\u00e9cution.<\/li>\n<li>Projet pour le complexe h\u00f4telier de 168 chambres et 29 bungalows, cat\u00e9gorie 4 \u00e9toiles, La Citadelle \u00e0 Biskra, (Alg\u00e9rie). Phases de l&rsquo;avant-projet et du projet de base.<\/li>\n<li>Projet pour l&rsquo;h\u00f4tel Royaume de 100 chambres, cat\u00e9gorie 4 \u00e9toiles \u00e0 Alger (Alg\u00e9rie). Phases d&rsquo;avant-projet et de projet de base.<\/li>\n<li>Projet pour le Cercle R\u00e9gional de Blida (Alg\u00e9rie), pour 90 chambres, cat\u00e9gorie 4 \u00e9toiles. Phases du projet de base et du projet d&rsquo;ex\u00e9cution.<\/li>\n<\/ul>\n<p>[\/vc_column_text][\/vc_tta_section][vc_tta_section title=\u00a0\u00bbConcours soumis par SHARE au cours de l&rsquo;ann\u00e9e 2014:\u00a0\u00bb tab_id=\u00a0\u00bb1714131072547-a671e6f3-6da4&Prime;][vc_column_text]<\/p>\n<ul>\n<li>Concours international pour l&rsquo;\u00e9cole h\u00f4teli\u00e8re de Tipaza (Alg\u00e9rie), Minist\u00e8re alg\u00e9rien du Tourisme et de l&rsquo;Artisanat (finalistes, en phase de march\u00e9 n\u00e9goci\u00e9).<\/li>\n<li>Concours international pour le nouveau si\u00e8ge du minist\u00e8re alg\u00e9rien du tourisme, de l&rsquo;am\u00e9nagement du territoire et de l&rsquo;artisanat (finalistes, en phase de march\u00e9 n\u00e9goci\u00e9).<\/li>\n<li>Appel d&rsquo;offres international restreint pour le nouveau si\u00e8ge de la CSCEC, Oriental Business Park, Alger. China State Construction, Engineering, Corporation, CSCEC.<\/li>\n<li>Appel d&rsquo;offres international pour le nouveau terminal cargo de l&rsquo;a\u00e9roport de Gambie.<\/li>\n<li>Appel d&rsquo;offres pour le d\u00e9veloppement de projets de parkings \u00e0 Alger pour la soci\u00e9t\u00e9 de construction COSIDER (pr\u00e9qualifi\u00e9e).<\/li>\n<li>Appel d&rsquo;offres pour le suivi technique des travaux du Complexe de bureaux appel\u00e9 La Cit\u00e9 Financi\u00e8re, pour la Banque (qualifi\u00e9 avec le meilleur score technique).<\/li>\n<\/ul>\n<p>[\/vc_column_text][\/vc_tta_section][\/vc_tta_accordion][vc_row_inner][vc_column_inner width=\u00a0\u00bb2\/3&Prime;][vc_single_image image=\u00a0\u00bb3304&Prime; img_size=\u00a0\u00bbfull\u00a0\u00bb alignment=\u00a0\u00bbcenter\u00a0\u00bb][\/vc_column_inner][vc_column_inner width=\u00a0\u00bb1\/3&Prime;][\/vc_column_inner][\/vc_row_inner][\/vc_column][\/vc_row]<\/p>\n<\/div>","protected":false},"excerpt":{"rendered":"<p>[vc_row][vc_column width=\u00a0\u00bb1\/2&Prime; css=\u00a0\u00bb.vc_custom_1449529345051{margin-left: -15px !important;}\u00a0\u00bb][vc_column_text] PRIX D&rsquo;ARCHITECTURE [\/vc_column_text][vc_separator][vc_column_text]2015 : XXIX PRIX MACAEL Prix international de l&rsquo;Afrique \u00c9cole sup\u00e9rieure d&rsquo;h\u00f4tellerie et de restauration d&rsquo;Alger, ESHRA 2007&#8230;<\/p>\n","protected":false},"author":3,"featured_media":-3,"parent":0,"menu_order":3,"comment_status":"closed","ping_status":"closed","template":"","meta":{"rs_blank_template":"","rs_page_bg_color":"","slide_template_v7":"","footnotes":""},"wf_page_folders":[],"class_list":["post-8683","page","type-page","status-publish","has-post-thumbnail","hentry"],"acf":[],"_links":{"self":[{"href":"https:\/\/coliving.media3w.com\/fr\/wp-json\/wp\/v2\/pages\/8683","targetHints":{"allow":["GET"]}}],"collection":[{"href":"https:\/\/coliving.media3w.com\/fr\/wp-json\/wp\/v2\/pages"}],"about":[{"href":"https:\/\/coliving.media3w.com\/fr\/wp-json\/wp\/v2\/types\/page"}],"author":[{"embeddable":true,"href":"https:\/\/coliving.media3w.com\/fr\/wp-json\/wp\/v2\/users\/3"}],"replies":[{"embeddable":true,"href":"https:\/\/coliving.media3w.com\/fr\/wp-json\/wp\/v2\/comments?post=8683"}],"version-history":[{"count":3,"href":"https:\/\/coliving.media3w.com\/fr\/wp-json\/wp\/v2\/pages\/8683\/revisions"}],"predecessor-version":[{"id":8687,"href":"https:\/\/coliving.media3w.com\/fr\/wp-json\/wp\/v2\/pages\/8683\/revisions\/8687"}],"wp:featuredmedia":[{"embeddable":true,"href":"https:\/\/coliving.media3w.com\/fr\/wp-json\/"}],"wp:attachment":[{"href":"https:\/\/coliving.media3w.com\/fr\/wp-json\/wp\/v2\/media?parent=8683"}],"wp:term":[{"taxonomy":"wf_page_folders","embeddable":true,"href":"https:\/\/coliving.media3w.com\/fr\/wp-json\/wp\/v2\/wf_page_folders?post=8683"}],"curies":[{"name":"wp","href":"https:\/\/api.w.org\/{rel}","templated":true}]}}