{"id":8690,"date":"2024-06-11T17:47:22","date_gmt":"2024-06-11T15:47:22","guid":{"rendered":"https:\/\/coliving.media3w.com\/aviso-legal\/"},"modified":"2024-06-12T11:03:17","modified_gmt":"2024-06-12T09:03:17","slug":"legal-notice","status":"publish","type":"page","link":"https:\/\/coliving.media3w.com\/fr\/legal-notice\/","title":{"rendered":"Avis juridique"},"content":{"rendered":"<div class=\"wpb-content-wrapper\"><p>[vc_row][vc_column][vc_column_text]<strong>Nom de l&rsquo;entreprise:<\/strong> Sendarrubias &amp; Hern\u00e1ndez, Architecture and Engineering, S.L.<br \/>\n<strong>Nom commercial:<\/strong> SHAREARCHITECTS<br \/>\n<strong>Si\u00e8ge social:<\/strong> C\/ Jos\u00e9 Abascal, 36 &#8211; 2\u00aa Planta, 28003 Madrid<br \/>\n<strong>CIF \/ NIF:<\/strong> B-86949773<br \/>\n<strong>T\u00e9l\u00e9phone:<\/strong> +34 91 117 79 70<br \/>\n<strong>Courrier \u00e9lectronique:<\/strong> Info@share.media3w.es<\/p>\n<p>Conform\u00e9ment aux dispositions de la loi organique 15\/1999 relative \u00e0 la protection des donn\u00e9es \u00e0 caract\u00e8re personnel (LOPD) et de son r\u00e8glement d&rsquo;application, le responsable du site web, dans le respect des dispositions des articles 5 et 6 de la LOPD, informe tous les utilisateurs du site web qui fournissent ou fourniront leurs donn\u00e9es personnelles, que celles-ci seront incorpor\u00e9es \u00e0 un fichier automatis\u00e9 d\u00fbment inscrit aupr\u00e8s de l&rsquo;Agence espagnole de protection des donn\u00e9es.<\/p>\n<p>Les utilisateurs, par le simple fait d&rsquo;envoyer un e-mail de contact, de demander des informations ou de t\u00e9l\u00e9charger des informations ou des publications, acceptent express\u00e9ment, librement et sans \u00e9quivoque que leurs donn\u00e9es personnelles soient trait\u00e9es par le fournisseur pour les finalit\u00e9s suivantes :<\/p>\n<p>&nbsp;<\/p>\n<p>1. l&rsquo;envoi de communications commerciales publicitaires par e-mail, fax, SMS, MMS, communaut\u00e9s sociales ou tout autre moyen \u00e9lectronique ou physique, pr\u00e9sent ou futur, permettant la communication commerciale. Ces communications commerciales seront li\u00e9es aux produits ou services offerts par le fournisseur, ainsi que par les collaborateurs ou partenaires avec lesquels le fournisseur a conclu un accord pour la promotion commerciale aupr\u00e8s de ses clients. Dans ce cas, les tiers n&rsquo;auront jamais acc\u00e8s aux donn\u00e9es personnelles. Dans tous les cas, les communications commerciales seront effectu\u00e9es par le prestataire et porteront sur des produits et services li\u00e9s au secteur du prestataire.<\/p>\n<p>2. mener des \u00e9tudes statistiques.<\/p>\n<p>3. traiter les commandes, les demandes ou tout autre type de demande formul\u00e9e par l&rsquo;utilisateur par le biais de l&rsquo;un des formulaires de contact mis \u00e0 la disposition de l&rsquo;utilisateur sur le site web de l&rsquo;entreprise.<\/p>\n<p>4. Transmettre la lettre d&rsquo;information du site web.<\/p>\n<p>Le fournisseur informe et garantit express\u00e9ment aux utilisateurs que leurs donn\u00e9es personnelles ne seront en aucun cas c\u00e9d\u00e9es \u00e0 des entreprises tierces et que, pour tout type de cession de donn\u00e9es personnelles, le consentement expr\u00e8s, inform\u00e9 et sans \u00e9quivoque des propri\u00e9taires sera demand\u00e9 au pr\u00e9alable.<\/p>\n<p>Toutes les donn\u00e9es demand\u00e9es sur le site Web sont obligatoires, car elles sont n\u00e9cessaires \u00e0 la prestation d&rsquo;un service optimal \u00e0 l&rsquo;utilisateur. Si toutes les donn\u00e9es ne sont pas fournies, le fournisseur ne garantit pas que les informations et les services fournis seront parfaitement adapt\u00e9s \u00e0 vos besoins.<\/p>\n<p>Le fournisseur garantit en tout cas \u00e0 l&rsquo;utilisateur l&rsquo;exercice des droits d&rsquo;acc\u00e8s, de rectification, d&rsquo;annulation, d&rsquo;information et d&rsquo;opposition, dans les termes pr\u00e9vus par la l\u00e9gislation en vigueur. Par cons\u00e9quent, conform\u00e9ment aux dispositions de la loi organique 15\/1999 relative \u00e0 la protection des donn\u00e9es \u00e0 caract\u00e8re personnel (LOPD), vous pouvez exercer vos droits en envoyant une demande expresse, accompagn\u00e9e d&rsquo;une copie de votre carte d&rsquo;identit\u00e9, par les moyens suivants :<\/p>\n<p><strong>1. Courrier \u00e9lectronique:<\/strong> info@share.media3w.es<br \/>\n<strong>2. Adresse postale:<\/strong> C\/ Jos\u00e9 Abascal, 36 &#8211; 2\u00e8me \u00e9tage. 28003 Madrid<\/p>\n<p>De m\u00eame, l&rsquo;utilisateur peut se d\u00e9sabonner de l&rsquo;un des services d&rsquo;abonnement propos\u00e9s en envoyant un courrier \u00e9lectronique \u00e0 info@share.media3w.es.<\/p>\n<p>De m\u00eame, le fournisseur a adopt\u00e9 toutes les mesures techniques et organisationnelles n\u00e9cessaires pour garantir la s\u00e9curit\u00e9 et l&rsquo;int\u00e9grit\u00e9 des donn\u00e9es personnelles trait\u00e9es, ainsi que pour \u00e9viter leur perte, leur alt\u00e9ration et\/ou leur acc\u00e8s par des tiers non autoris\u00e9s.<\/p>\n<p>&nbsp;<\/p>\n<p><strong>UTILISATION DE COOKIES ET DU FICHIER D&rsquo;ACTIVIT\u00c9<\/strong><\/p>\n<p>Le fournisseur, pour son propre compte ou pour celui d&rsquo;un tiers charg\u00e9 de fournir des services de mesure, peut utiliser des cookies lorsqu&rsquo;un utilisateur navigue sur le site web. Les cookies sont des fichiers envoy\u00e9s au navigateur par un serveur web afin d&rsquo;enregistrer les activit\u00e9s de l&rsquo;utilisateur pendant sa navigation.<\/p>\n<p>Les cookies utilis\u00e9s par le site web sont uniquement associ\u00e9s \u00e0 un utilisateur anonyme et \u00e0 son ordinateur, et ne fournissent pas en eux-m\u00eames les donn\u00e9es personnelles de l&rsquo;utilisateur.<\/p>\n<p>L&rsquo;utilisation de cookies permet au serveur o\u00f9 se trouve le site web de reconna\u00eetre le navigateur web utilis\u00e9 par l&rsquo;utilisateur afin de faciliter la navigation, en permettant, par exemple, aux utilisateurs qui se sont pr\u00e9alablement enregistr\u00e9s d&rsquo;acc\u00e9der \u00e0 des zones, des services, des promotions ou des concours qui leur sont exclusivement r\u00e9serv\u00e9s, sans avoir \u00e0 s&rsquo;enregistrer \u00e0 chaque visite. Ils sont \u00e9galement utilis\u00e9s pour mesurer les param\u00e8tres d&rsquo;audience et de trafic, contr\u00f4ler la progression et le nombre de participations.<\/p>\n<p>L&rsquo;utilisateur a la possibilit\u00e9 de configurer son navigateur pour \u00eatre averti de la r\u00e9ception de cookies et pour emp\u00eacher leur installation sur son ordinateur. Veuillez consulter les instructions et les manuels de votre navigateur pour de plus amples informations.<\/p>\n<p>Pour utiliser le site web, il n&rsquo;est pas n\u00e9cessaire que l&rsquo;utilisateur autorise l&rsquo;installation de cookies envoy\u00e9s par le site web, ou le tiers agissant en son nom, m\u00eame s&rsquo;il est n\u00e9cessaire que l&rsquo;utilisateur s&rsquo;identifie en tant que tel dans chacun des services dont la prestation n\u00e9cessite un enregistrement pr\u00e9alable ou \u00ab\u00a0login\u00a0\u00bb.<\/p>\n<p>Les cookies utilis\u00e9s sur ce site sont, en tout \u00e9tat de cause, de nature temporaire, dans le seul but de rendre plus efficace leur transmission ult\u00e9rieure. Les cookies ne sont en aucun cas utilis\u00e9s pour collecter des informations personnelles.<\/p>\n<p>&nbsp;<\/p>\n<p><strong>ADRESSES IP<\/strong><br \/>\nLes serveurs du site web peuvent d\u00e9tecter automatiquement l&rsquo;adresse IP et le nom de domaine utilis\u00e9s par l&rsquo;utilisateur. Une adresse IP est un num\u00e9ro automatiquement attribu\u00e9 \u00e0 un ordinateur lorsqu&rsquo;il se connecte \u00e0 Internet. Toutes ces informations sont enregistr\u00e9es dans un fichier d&rsquo;activit\u00e9 du serveur d\u00fbment enregistr\u00e9 qui permet le traitement ult\u00e9rieur des donn\u00e9es afin d&rsquo;obtenir des mesures purement statistiques permettant de conna\u00eetre le nombre d&rsquo;impressions de pages, le nombre de visites effectu\u00e9es sur les services web, l&rsquo;ordre des visites, le point d&rsquo;acc\u00e8s, etc.<\/p>\n<p>&nbsp;<\/p>\n<p><strong>S\u00c9CURIT\u00c9<\/strong><br \/>\nLe site Web utilise des techniques de s\u00e9curit\u00e9 de l&rsquo;information g\u00e9n\u00e9ralement accept\u00e9es dans l&rsquo;industrie, telles que des pare-feu, des proc\u00e9dures de contr\u00f4le d&rsquo;acc\u00e8s et des m\u00e9canismes cryptographiques, dans le but d&#8217;emp\u00eacher tout acc\u00e8s non autoris\u00e9 aux donn\u00e9es. Pour atteindre ces objectifs, l&rsquo;utilisateur\/client accepte que le fournisseur obtienne des donn\u00e9es aux fins de l&rsquo;authentification correspondante des contr\u00f4les d&rsquo;acc\u00e8s.[\/vc_column_text][\/vc_column][\/vc_row]<\/p>\n<\/div>","protected":false},"excerpt":{"rendered":"<p>[vc_row][vc_column][vc_column_text]Nom de l&rsquo;entreprise: Sendarrubias &amp; Hern\u00e1ndez, Architecture and Engineering, S.L. Nom commercial: SHAREARCHITECTS Si\u00e8ge social: C\/ Jos\u00e9 Abascal, 36 &#8211; 2\u00aa Planta, 28003 Madrid CIF&#8230;<\/p>\n","protected":false},"author":3,"featured_media":-3,"parent":0,"menu_order":0,"comment_status":"closed","ping_status":"closed","template":"","meta":{"rs_blank_template":"","rs_page_bg_color":"","slide_template_v7":"","footnotes":""},"wf_page_folders":[],"class_list":["post-8690","page","type-page","status-publish","has-post-thumbnail","hentry"],"acf":[],"_links":{"self":[{"href":"https:\/\/coliving.media3w.com\/fr\/wp-json\/wp\/v2\/pages\/8690","targetHints":{"allow":["GET"]}}],"collection":[{"href":"https:\/\/coliving.media3w.com\/fr\/wp-json\/wp\/v2\/pages"}],"about":[{"href":"https:\/\/coliving.media3w.com\/fr\/wp-json\/wp\/v2\/types\/page"}],"author":[{"embeddable":true,"href":"https:\/\/coliving.media3w.com\/fr\/wp-json\/wp\/v2\/users\/3"}],"replies":[{"embeddable":true,"href":"https:\/\/coliving.media3w.com\/fr\/wp-json\/wp\/v2\/comments?post=8690"}],"version-history":[{"count":4,"href":"https:\/\/coliving.media3w.com\/fr\/wp-json\/wp\/v2\/pages\/8690\/revisions"}],"predecessor-version":[{"id":8703,"href":"https:\/\/coliving.media3w.com\/fr\/wp-json\/wp\/v2\/pages\/8690\/revisions\/8703"}],"wp:featuredmedia":[{"embeddable":true,"href":"https:\/\/coliving.media3w.com\/fr\/wp-json\/"}],"wp:attachment":[{"href":"https:\/\/coliving.media3w.com\/fr\/wp-json\/wp\/v2\/media?parent=8690"}],"wp:term":[{"taxonomy":"wf_page_folders","embeddable":true,"href":"https:\/\/coliving.media3w.com\/fr\/wp-json\/wp\/v2\/wf_page_folders?post=8690"}],"curies":[{"name":"wp","href":"https:\/\/api.w.org\/{rel}","templated":true}]}}